{"id":126,"date":"2020-03-17T06:50:47","date_gmt":"2020-03-17T06:50:47","guid":{"rendered":"https:\/\/www.ikonixstudios.com\/leah\/?page_id=126"},"modified":"2020-06-29T19:28:56","modified_gmt":"2020-06-29T19:28:56","slug":"regstration","status":"publish","type":"page","link":"https:\/\/lddif.org\/es\/regstration\/","title":{"rendered":"Registro"},"content":{"rendered":"<section class=\"wpb-content-wrapper\"><div data-vc-full-width=\"true\" data-vc-full-width-init=\"false\" class=\"vc_row wpb_row vc_row-fluid vc_custom_1585858580009 vc_row-has-fill vc_row-o-equal-height vc_row-flex\"><div class=\"main-area wpb_column vc_column_container vc_col-sm-8 vc_col-has-fill\"><div class=\"vc_column-inner vc_custom_1585432218701\"><div class=\"wpb_wrapper\"><h1 style=\"text-align: left;font-family:Abril Fatface;font-weight:400;font-style:normal\" class=\"vc_custom_heading\" >Registrar a su hijo<\/h1>\n\t<div class=\"wpb_text_column wpb_content_element  main-content\" >\n\t\t<div class=\"wpb_wrapper\">\n\t\t\t<p><strong>\u00a1Abre un libro, abre una mente!<\/strong><\/p>\n<p>Inscriba a su hijo en la Biblioteca de Imaginaci\u00f3n y reg\u00e1lele la lectura... \u00a1gratis!<\/p>\n<p>Cada mes, hasta que cumpla cinco a\u00f1os, su hijo recibir\u00e1 gratis un libro apropiado para su edad.<\/p>\n<p>La lectura es el camino hacia un futuro mejor tanto para su hijo como para nuestra comunidad. Dedicar tiempo a leerle a su hijo es una buena inversi\u00f3n. Les ayuda a desarrollar habilidades esenciales que los conducir\u00e1n a la preparaci\u00f3n escolar y al \u00e9xito acad\u00e9mico futuro. Y pasar\u00e1s un tiempo de calidad que nunca olvidar\u00e1s. Si su hijo vive en Bosque Country, reg\u00edstrese para recibir un libro gratis al mes de Imagination Library.<\/p>\n\n\t\t<\/div>\n\t<\/div>\n\n\t<div class=\"wpb_raw_code wpb_content_element wpb_raw_html dpil-reg-form\" >\n\t\t<div class=\"wpb_wrapper\">\n\t\t\t<!-- Online Registration Copyright - All Rights Reserved \/\/-->\n<!-- BEGIN Online Registration Code - Copyright - NOT PERMITTED TO MODIFY IMAGE MAP\/CODE\/LINKS \/\/-->\n\n<script type=\"text\/javascript\" src=\"https:\/\/imaginationlibrary.com\/bos\/widget\/goRegister.us.php\"><\/script>\n\n<!-- END Online Registration Code - Copyright - NOT PERMITTED TO MODIFY IMAGE MAP\/CODE\/LINKS \/\/-->\n\t\t<\/div>\n\t<\/div>\n<div class=\"vc_separator wpb_content_element vc_separator_align_center vc_sep_width_100 vc_sep_pos_align_center vc_separator_no_text vc_sep_color_blue  horizontal-divider\" ><span class=\"vc_sep_holder vc_sep_holder_l\"><span class=\"vc_sep_line\"><\/span><\/span><span class=\"vc_sep_holder vc_sep_holder_r\"><span class=\"vc_sep_line\"><\/span><\/span>\n<\/div><div  class=\"vc_toggle vc_toggle_simple vc_toggle_color_blue  vc_toggle_size_sm   accordion-question\"><div class=\"vc_toggle_title\"><h4>\u00bfQuien es elegible?<\/h4><i class=\"vc_toggle_icon\"><\/i><\/div><div class=\"vc_toggle_content\"><p>Ni\u00f1os menores de cinco a\u00f1os que vivan en Bosque Country.<\/p>\n<\/div><\/div><div  class=\"vc_toggle vc_toggle_simple vc_toggle_color_blue  vc_toggle_size_sm   accordion-question\"><div class=\"vc_toggle_title\"><h4>\u00bfCu\u00e1les son mis responsabilidades?<\/h4><i class=\"vc_toggle_icon\"><\/i><\/div><div class=\"vc_toggle_content\"><p>Ser residente de Bosque Country.<\/p>\n<p>Ir a <a href=\"https:\/\/www.LDDIF.org\">www.LDDIF.org<\/a> y completar el formulario de registro por parte del adulto autorizado.<\/p>\n<p>Visite nuestro sitio web cada vez que cambie su direcci\u00f3n postal. Los libros se env\u00edan por correo a la direcci\u00f3n que figura en la cuenta. Debe comunicarse con la Fundaci\u00f3n IMAGINATION Leah Demaree Douglas en <a href=\"https:\/\/www.LDDIF.org\">www.LDDIF.org<\/a> para actualizar su nueva direcci\u00f3n.<\/p>\n<p>\u00a1Lea con su hijo y divi\u00e9rtase!<\/p>\n<\/div><\/div><div  class=\"vc_toggle vc_toggle_simple vc_toggle_color_blue  vc_toggle_size_sm   accordion-question\"><div class=\"vc_toggle_title\"><h4>\u00bfCu\u00e1ndo recibir\u00e9 libros?<\/h4><i class=\"vc_toggle_icon\"><\/i><\/div><div class=\"vc_toggle_content\"><p>De ocho a diez semanas despu\u00e9s de que su formulario de registro haya sido ingresado en el sitio web, los libros comenzar\u00e1n a llegar a su hogar y continuar\u00e1n hasta que su hijo cumpla cinco a\u00f1os o usted se mude fuera de Bosque Country.<\/p>\n<\/div><\/div><div  class=\"vc_toggle vc_toggle_simple vc_toggle_color_blue  vc_toggle_size_sm   accordion-question\"><div class=\"vc_toggle_title\"><h4>\u00bfC\u00f3mo puedo ayudar?<\/h4><i class=\"vc_toggle_icon\"><\/i><\/div><div class=\"vc_toggle_content\"><p>\u00bfConoce a alg\u00fan ni\u00f1o de preescolar en Bosque Country que no recibe libros para la Biblioteca Imagination? Ofrezca a sus padres o cuidadores el sitio web y an\u00edmelos a completar un formulario de registro o conectarse en l\u00ednea para inscribirse en el programa. Hablarles sobre este programa gratuito para la familia puede marcar una gran diferencia en su futuro. Si conoce una empresa, organizaci\u00f3n o individuo que desee donar fondos para apoyar este programa en Bosque Country, puede realizar donaciones en nuestro sitio web. <a href=\"https:\/\/www.LDDIF.org\">www.LDDIF.org<\/a> o enviado a:<\/p>\n<p>Leah Demaree Douglas Fundaci\u00f3n IMAGINACI\u00d3N<br \/>\nApartado postal 18<br \/>\nClifton, TX 76634<\/p>\n<\/div><\/div><\/div><\/div><\/div><div class=\"sidebar-content wpb_column vc_column_container vc_col-sm-4\"><div class=\"vc_column-inner vc_custom_1585858651112\"><div class=\"wpb_wrapper\"><h3 style=\"text-align: left;font-family:Abril Fatface;font-weight:400;font-style:normal\" class=\"vc_custom_heading\" >\u00bfComo funciona?<\/h3>\n\t<div class=\"wpb_text_column wpb_content_element  sidebar-big-text\" >\n\t\t<div class=\"wpb_wrapper\">\n\t\t\t<p>Suena casi demasiado simple para ser verdad, pero al leer regularmente con sus hijos durante sus a\u00f1os preescolares, les est\u00e1 dando el mayor impulso hacia una educaci\u00f3n exitosa que jam\u00e1s recibir\u00e1n.<\/p>\n\n\t\t<\/div>\n\t<\/div>\n\n\t<div class=\"wpb_text_column wpb_content_element\" >\n\t\t<div class=\"wpb_wrapper\">\n\t\t\t<p>Leah Demaree Douglas IMAGINATION Foundation y Dolly Parton&#039;s Imagination Library pueden ayudar a que a su hijo le guste leer con solo tener libros impresos en casa, leerlos usted mismo y reservar tiempo diario para que sus hijos lean. Cada ni\u00f1o tendr\u00e1 sus propios libros, sin costo alguno para usted, gracias a Leah Demaree Douglas IMAGINATION Foundation y Dolly Parton&#039;s Imagination Library. Cada mes, se enviar\u00e1 por correo un libro nuevo, cuidadosamente seleccionado, a nombre de su hijo, directamente a su casa.<\/p>\n<p>Su hijo puede esperar con ansias las nuevas y emocionantes aventuras de lectura de Imagination Library hasta que cumpla cinco a\u00f1os, siempre que viva en Bosque Country.<\/p>\n<p>\u00a1Los libros son un regalo para su hijo! \u00a1Todo lo que tienes que hacer es leer con frecuencia para inspirar un amor por la lectura para toda la vida!<\/p>\n\n\t\t<\/div>\n\t<\/div>\n<\/div><\/div><\/div><\/div><div class=\"vc_row-full-width vc_clearfix\"><\/div><div data-vc-full-width=\"true\" data-vc-full-width-init=\"false\" class=\"vc_row wpb_row vc_row-fluid home-fourth vc_custom_1593458892107 vc_row-has-fill\"><div class=\"newsletter-box wpb_column vc_column_container vc_col-sm-12\"><div class=\"vc_column-inner\"><div class=\"wpb_wrapper\"><h2 style=\"text-align: center;font-family:Abril Fatface;font-weight:400;font-style:normal\" class=\"vc_custom_heading newsletter-title\" >SUSCR\u00cdBETE A NUESTRO BOLET\u00cdN<\/h2>\n\t<div class=\"wpb_text_column wpb_content_element\" >\n\t\t<div class=\"wpb_wrapper\">\n\t\t\t\n<div class=\"wpcf7 no-js\" id=\"wpcf7-f293-o1\" lang=\"en-US\" dir=\"ltr\">\n<div class=\"screen-reader-response\"><p role=\"status\" aria-live=\"polite\" aria-atomic=\"true\"><\/p> <ul><\/ul><\/div>\n<form action=\"\/es\/wp-json\/wp\/v2\/pages\/126#wpcf7-f293-o1\" method=\"post\" class=\"wpcf7-form init\" aria-label=\"Formulario de contacto\" novalidate=\"novalidate\" data-status=\"init\" data-trp-original-action=\"\/es\/wp-json\/wp\/v2\/pages\/126#wpcf7-f293-o1\">\n<div style=\"display: none;\">\n<input type=\"hidden\" name=\"_wpcf7\" value=\"293\" \/>\n<input type=\"hidden\" name=\"_wpcf7_version\" value=\"5.8\" \/>\n<input type=\"hidden\" name=\"_wpcf7_locale\" value=\"en_US\" \/>\n<input type=\"hidden\" name=\"_wpcf7_unit_tag\" value=\"wpcf7-f293-o1\" \/>\n<input type=\"hidden\" name=\"_wpcf7_container_post\" value=\"0\" \/>\n<input type=\"hidden\" name=\"_wpcf7_posted_data_hash\" value=\"\" \/>\n<input type=\"hidden\" name=\"_wpcf7_recaptcha_response\" value=\"\" \/>\n<\/div>\n<div class=\"container\">\n\t<div class=\"row\">\n\t\t<div class=\"col-md-4 col-sm-12\">\n\t\t\t<p><span class=\"wpcf7-form-control-wrap\" data-name=\"text-533\"><input size=\"40\" class=\"wpcf7-form-control wpcf7-text wpcf7-validates-as-required form-control box\" aria-required=\"true\" aria-invalid=\"false\" placeholder=\"Nombre\" value=\"\" type=\"text\" name=\"text-533\" \/><\/span>\n\t\t\t<\/p>\n\t\t<\/div><!-- col end here -->\n\t\t<div class=\"col-md-4 col-sm-12\">\n\t\t\t<p><span class=\"wpcf7-form-control-wrap\" data-name=\"email-753\"><input size=\"40\" class=\"wpcf7-form-control wpcf7-email wpcf7-validates-as-required wpcf7-text wpcf7-validates-as-email form-control box\" aria-required=\"true\" aria-invalid=\"false\" placeholder=\"Correo electr\u00f3nico\" value=\"\" type=\"email\" name=\"email-753\" \/><\/span>\n\t\t\t<\/p>\n\t\t<\/div><!-- col end here -->\n\t\t<div class=\"col-md-3 col-sm-12\">\n\t\t\t<p><input class=\"wpcf7-form-control wpcf7-submit has-spinner btn reg-btn\" type=\"submit\" value=\"Inscribirse\" \/>\n\t\t\t<\/p>\n\t\t<\/div><!-- col end here -->\n\t<\/div>\n<\/div><div class=\"wpcf7-response-output\" aria-hidden=\"true\"><\/div>\n<input type=\"hidden\" name=\"trp-form-language\" value=\"es\"\/><\/form>\n<\/div>\n\n\n\t\t<\/div>\n\t<\/div>\n<\/div><\/div><\/div><\/div><div class=\"vc_row-full-width vc_clearfix\"><\/div>\n<\/section>","protected":false},"excerpt":{"rendered":"Registre a su hijo \u00a1Abra un libro, abra una mente! Inscriba a su hijo en la Biblioteca de Imaginaci\u00f3n y reg\u00e1lele la lectura... \u00a1gratis! Cada mes, hasta que cumpla cinco a\u00f1os, su hijo recibir\u00e1 gratis un libro apropiado para su edad. La lectura es el camino hacia un futuro mejor tanto para su hijo como para nuestra comunidad. [...]","protected":false},"author":1,"featured_media":0,"parent":0,"menu_order":0,"comment_status":"closed","ping_status":"closed","template":"","meta":{"footnotes":""},"_links":{"self":[{"href":"https:\/\/lddif.org\/es\/wp-json\/wp\/v2\/pages\/126"}],"collection":[{"href":"https:\/\/lddif.org\/es\/wp-json\/wp\/v2\/pages"}],"about":[{"href":"https:\/\/lddif.org\/es\/wp-json\/wp\/v2\/types\/page"}],"author":[{"embeddable":true,"href":"https:\/\/lddif.org\/es\/wp-json\/wp\/v2\/users\/1"}],"replies":[{"embeddable":true,"href":"https:\/\/lddif.org\/es\/wp-json\/wp\/v2\/comments?post=126"}],"version-history":[{"count":81,"href":"https:\/\/lddif.org\/es\/wp-json\/wp\/v2\/pages\/126\/revisions"}],"predecessor-version":[{"id":1022,"href":"https:\/\/lddif.org\/es\/wp-json\/wp\/v2\/pages\/126\/revisions\/1022"}],"wp:attachment":[{"href":"https:\/\/lddif.org\/es\/wp-json\/wp\/v2\/media?parent=126"}],"curies":[{"name":"wp","href":"https:\/\/api.w.org\/{rel}","templated":true}]}}