{"id":14,"date":"2020-03-13T10:49:00","date_gmt":"2020-03-13T10:49:00","guid":{"rendered":"https:\/\/www.ikonixstudios.com\/leah\/?page_id=14"},"modified":"2020-11-24T15:44:50","modified_gmt":"2020-11-24T15:44:50","slug":"home","status":"publish","type":"page","link":"https:\/\/lddif.org\/es\/","title":{"rendered":"Hogar"},"content":{"rendered":"<section class=\"wpb-content-wrapper\"><div data-vc-full-width=\"true\" data-vc-full-width-init=\"false\" data-vc-stretch-content=\"true\" class=\"vc_row wpb_row vc_row-fluid home-five vc_custom_1593455769318 vc_row-has-fill vc_row-no-padding\"><div class=\"home-banner-h1 wpb_column vc_column_container vc_col-sm-12\"><div class=\"vc_column-inner\"><div class=\"wpb_wrapper\">\n\t<div class=\"wpb_text_column wpb_content_element  text-box\" >\n\t\t<div class=\"wpb_wrapper\">\n\t\t\t<h1 class=\"bounce-down visible animated bounceInDown\">Libro abierto<br \/>\nMente abierta<\/h1>\n<p>Reg\u00edstrese hoy y los libros comenzar\u00e1n a llegar a su hogar y continuar\u00e1n hasta que su hijo cumpla cinco a\u00f1os o se mude fuera del condado de Bosque.<\/p>\n<p><a class=\"con\" href=\"https:\/\/lddif.org\/es\/regstration\/\">REG\u00cdSTRESE HOY<\/a><\/p>\n\n\t\t<\/div>\n\t<\/div>\n\n\t<div class=\"wpb_raw_code wpb_content_element wpb_raw_html responsive-mobile-btn\" >\n\t\t<div class=\"wpb_wrapper\">\n\t\t\t\n\t\t<\/div>\n\t<\/div>\n<\/div><\/div><\/div><\/div><div class=\"vc_row-full-width vc_clearfix\"><\/div><div data-vc-full-width=\"true\" data-vc-full-width-init=\"false\" class=\"vc_row wpb_row vc_row-fluid home-fourth vc_custom_1593455934181 vc_row-has-fill\"><div class=\"wpb_column vc_column_container vc_col-sm-12\"><div class=\"vc_column-inner\"><div class=\"wpb_wrapper\"><h2 style=\"text-align: center;font-family:Abril Fatface;font-weight:400;font-style:normal\" class=\"vc_custom_heading newsletter-title\" >Suscr\u00edbase a nuestro bolet\u00edn informativo<\/h2>\n\t<div class=\"wpb_text_column wpb_content_element\" >\n\t\t<div class=\"wpb_wrapper\">\n\t\t\t\n<div class=\"wpcf7 no-js\" id=\"wpcf7-f293-o1\" lang=\"en-US\" dir=\"ltr\">\n<div class=\"screen-reader-response\"><p role=\"status\" aria-live=\"polite\" aria-atomic=\"true\"><\/p> <ul><\/ul><\/div>\n<form action=\"\/es\/wp-json\/wp\/v2\/pages\/14#wpcf7-f293-o1\" method=\"post\" class=\"wpcf7-form init\" aria-label=\"Formulario de contacto\" novalidate=\"novalidate\" data-status=\"init\" data-trp-original-action=\"\/es\/wp-json\/wp\/v2\/pages\/14#wpcf7-f293-o1\">\n<div style=\"display: none;\">\n<input type=\"hidden\" name=\"_wpcf7\" value=\"293\" \/>\n<input type=\"hidden\" name=\"_wpcf7_version\" value=\"5.8\" \/>\n<input type=\"hidden\" name=\"_wpcf7_locale\" value=\"en_US\" \/>\n<input type=\"hidden\" name=\"_wpcf7_unit_tag\" value=\"wpcf7-f293-o1\" \/>\n<input type=\"hidden\" name=\"_wpcf7_container_post\" value=\"0\" \/>\n<input type=\"hidden\" name=\"_wpcf7_posted_data_hash\" value=\"\" \/>\n<input type=\"hidden\" name=\"_wpcf7_recaptcha_response\" value=\"\" \/>\n<\/div>\n<div class=\"container\">\n\t<div class=\"row\">\n\t\t<div class=\"col-md-4 col-sm-12\">\n\t\t\t<p><span class=\"wpcf7-form-control-wrap\" data-name=\"text-533\"><input size=\"40\" class=\"wpcf7-form-control wpcf7-text wpcf7-validates-as-required form-control box\" aria-required=\"true\" aria-invalid=\"false\" placeholder=\"Nombre\" value=\"\" type=\"text\" name=\"text-533\" \/><\/span>\n\t\t\t<\/p>\n\t\t<\/div><!-- col end here -->\n\t\t<div class=\"col-md-4 col-sm-12\">\n\t\t\t<p><span class=\"wpcf7-form-control-wrap\" data-name=\"email-753\"><input size=\"40\" class=\"wpcf7-form-control wpcf7-email wpcf7-validates-as-required wpcf7-text wpcf7-validates-as-email form-control box\" aria-required=\"true\" aria-invalid=\"false\" placeholder=\"Correo electr\u00f3nico\" value=\"\" type=\"email\" name=\"email-753\" \/><\/span>\n\t\t\t<\/p>\n\t\t<\/div><!-- col end here -->\n\t\t<div class=\"col-md-3 col-sm-12\">\n\t\t\t<p><input class=\"wpcf7-form-control wpcf7-submit has-spinner btn reg-btn\" type=\"submit\" value=\"Inscribirse\" \/>\n\t\t\t<\/p>\n\t\t<\/div><!-- col end here -->\n\t<\/div>\n<\/div><div class=\"wpcf7-response-output\" aria-hidden=\"true\"><\/div>\n<input type=\"hidden\" name=\"trp-form-language\" value=\"es\"\/><\/form>\n<\/div>\n\n\n\t\t<\/div>\n\t<\/div>\n<\/div><\/div><\/div><\/div><div class=\"vc_row-full-width vc_clearfix\"><\/div><div data-vc-full-width=\"true\" data-vc-full-width-init=\"false\" class=\"vc_row wpb_row vc_row-fluid vc_custom_1585431640987 vc_row-has-fill vc_row-o-equal-height vc_row-flex\"><div class=\"home-cta-block wpb_column vc_column_container vc_col-sm-12\"><div class=\"vc_column-inner\"><div class=\"wpb_wrapper\"><div class=\"vc_row wpb_row vc_inner vc_row-fluid vc_row-o-equal-height vc_row-o-content-middle vc_row-flex\"><div class=\"fade-up visible animated fadeInUp wpb_column vc_column_container vc_col-sm-4\"><div class=\"vc_column-inner\"><div class=\"wpb_wrapper\">\n\t<div  class=\"wpb_single_image wpb_content_element vc_align_left  vc_custom_1584444212325\">\n\t\t\n\t\t<figure class=\"wpb_wrapper vc_figure\">\n\t\t\t<div class=\"vc_single_image-wrapper   vc_box_border_grey\"><img width=\"400\" height=\"200\" src=\"https:\/\/lddif.org\/wp-content\/uploads\/2020\/03\/book-selection.png\" class=\"vc_single_image-img attachment-full\" alt=\"\" decoding=\"async\" title=\"selecci\u00f3n de libros\" loading=\"lazy\" srcset=\"https:\/\/lddif.org\/wp-content\/uploads\/2020\/03\/book-selection.png 400w, https:\/\/lddif.org\/wp-content\/uploads\/2020\/03\/book-selection-300x150.png 300w\" sizes=\"(max-width: 400px) 100vw, 400px\" \/><\/div>\n\t\t<\/figure>\n\t<\/div>\n\n\t<div class=\"wpb_text_column wpb_content_element  vc_custom_1593455807686 home-sec\" >\n\t\t<div class=\"wpb_wrapper\">\n\t\t\t<h3>Proceso de selecci\u00f3n de libros<\/h3>\n<p>Los expertos en alfabetizaci\u00f3n infantil aportan su experiencia para elegir el conjunto perfecto de libros apropiados para la edad en todo Estados Unidos y el mundo.<\/p>\n<p><a class=\"con\" href=\"https:\/\/lddif.org\/es\/book-selection\/\">APRENDE M\u00c1S<\/a><\/p>\n\n\t\t<\/div>\n\t<\/div>\n<\/div><\/div><\/div><div class=\"fade-up visible animated fadeInUp wpb_column vc_column_container vc_col-sm-4\"><div class=\"vc_column-inner\"><div class=\"wpb_wrapper\">\n\t<div  class=\"wpb_single_image wpb_content_element vc_align_left  vc_custom_1584444529534\">\n\t\t\n\t\t<figure class=\"wpb_wrapper vc_figure\">\n\t\t\t<div class=\"vc_single_image-wrapper   vc_box_border_grey\"><img width=\"400\" height=\"200\" src=\"https:\/\/lddif.org\/wp-content\/uploads\/2020\/03\/open-mind.png\" class=\"vc_single_image-img attachment-full\" alt=\"\" decoding=\"async\" title=\"mente abierta\" loading=\"lazy\" srcset=\"https:\/\/lddif.org\/wp-content\/uploads\/2020\/03\/open-mind.png 400w, https:\/\/lddif.org\/wp-content\/uploads\/2020\/03\/open-mind-300x150.png 300w\" sizes=\"(max-width: 400px) 100vw, 400px\" \/><\/div>\n\t\t<\/figure>\n\t<\/div>\n\n\t<div class=\"wpb_text_column wpb_content_element  vc_custom_1593455818494\" >\n\t\t<div class=\"wpb_wrapper\">\n\t\t\t<div class=\"home-sec\">\n<h3>Libro abierto, mente abierta<\/h3>\n<p>Reg\u00edstrese hoy y los libros comenzar\u00e1n a llegar a su hogar y continuar\u00e1n hasta que su hijo cumpla cinco a\u00f1os o se mude fuera del condado de Bosque.<\/p>\n<p><a class=\"con\" href=\"https:\/\/lddif.org\/es\/regstration\/\">REG\u00cdSTRESE HOY<\/a><\/p>\n<\/div>\n\n\t\t<\/div>\n\t<\/div>\n<\/div><\/div><\/div><div class=\"fade-up visible animated fadeInUp wpb_column vc_column_container vc_col-sm-4\"><div class=\"vc_column-inner\"><div class=\"wpb_wrapper\">\n\t<div  class=\"wpb_single_image wpb_content_element vc_align_left  vc_custom_1584444553766\">\n\t\t\n\t\t<figure class=\"wpb_wrapper vc_figure\">\n\t\t\t<div class=\"vc_single_image-wrapper   vc_box_border_grey\"><img width=\"400\" height=\"200\" src=\"https:\/\/lddif.org\/wp-content\/uploads\/2020\/03\/donation.png\" class=\"vc_single_image-img attachment-full\" alt=\"\" decoding=\"async\" title=\"donaci\u00f3n\" loading=\"lazy\" srcset=\"https:\/\/lddif.org\/wp-content\/uploads\/2020\/03\/donation.png 400w, https:\/\/lddif.org\/wp-content\/uploads\/2020\/03\/donation-300x150.png 300w\" sizes=\"(max-width: 400px) 100vw, 400px\" \/><\/div>\n\t\t<\/figure>\n\t<\/div>\n\n\t<div class=\"wpb_text_column wpb_content_element  vc_custom_1606232685934\" >\n\t\t<div class=\"wpb_wrapper\">\n\t\t\t<div class=\"home-sec\">\n<h3>Haz una donaci\u00f3n<\/h3>\n<p>El apoyo a la Leah Demaree Douglas Imagination Foundation es una manera poderosa de lograr un impacto duradero en las vidas de los ni\u00f1os y las familias.<\/p>\n<p><a class=\"con\" href=\"https:\/\/www.iatspayments.com\/saaura\/PA74A61D7B12901DDD\">DONAR<\/a><\/p>\n<\/div>\n\n\t\t<\/div>\n\t<\/div>\n<\/div><\/div><\/div><\/div><\/div><\/div><\/div><\/div><div class=\"vc_row-full-width vc_clearfix\"><\/div><div data-vc-full-width=\"true\" data-vc-full-width-init=\"false\" class=\"vc_row wpb_row vc_row-fluid home-secound vc_custom_1585439585706 vc_row-has-fill\"><div class=\"wpb_column vc_column_container vc_col-sm-12\"><div class=\"vc_column-inner\"><div class=\"wpb_wrapper\"><div class=\"vc_row wpb_row vc_inner vc_row-fluid vc_custom_1584955395059\"><div class=\"bounce-up visible animated bounceInUp orange-box-image wpb_column vc_column_container vc_col-sm-6 vc_col-has-fill\"><div class=\"vc_column-inner vc_custom_1586209141844\"><div class=\"wpb_wrapper\">\n\t<div  class=\"wpb_single_image wpb_content_element vc_align_left\">\n\t\t\n\t\t<figure class=\"wpb_wrapper vc_figure\">\n\t\t\t<div class=\"vc_single_image-wrapper   vc_box_border_grey\"><img width=\"600\" height=\"400\" src=\"https:\/\/lddif.org\/wp-content\/uploads\/2020\/03\/about-us.png\" class=\"vc_single_image-img attachment-full\" alt=\"\" decoding=\"async\" title=\"sobre nosotros\" loading=\"lazy\" srcset=\"https:\/\/lddif.org\/wp-content\/uploads\/2020\/03\/about-us.png 600w, https:\/\/lddif.org\/wp-content\/uploads\/2020\/03\/about-us-300x200.png 300w\" sizes=\"(max-width: 600px) 100vw, 600px\" \/><\/div>\n\t\t<\/figure>\n\t<\/div>\n<\/div><\/div><\/div><div class=\"bounce-up visible animated bounceInUp orange-box wpb_column vc_column_container vc_col-sm-6 vc_col-has-fill\"><div class=\"vc_column-inner vc_custom_1585440060158\"><div class=\"wpb_wrapper\"><h1 style=\"text-align: left;font-family:Abril Fatface;font-weight:400;font-style:normal\" class=\"vc_custom_heading\" >Leah Demaree Douglas<br \/>\nFundaci\u00f3n Imaginaci\u00f3n<\/h1>\n\t<div class=\"wpb_text_column wpb_content_element\" >\n\t\t<div class=\"wpb_wrapper\">\n\t\t\t<p>Fundada en 2019, la Fundaci\u00f3n IMAGINATION Leah Demaree Douglas est\u00e1 comprometida a promover los beneficios de la alfabetizaci\u00f3n infantil en el condado de Bosque, Texas. Al proporcionar libros divertidos y atractivos a familias locales con ni\u00f1os menores de cinco a\u00f1os, la Fundaci\u00f3n Leah Demaree Douglas IMAGINATION est\u00e1 ayudando a crear el amor por la lectura y apoyando el desarrollo de la primera infancia en los ni\u00f1os en edad preescolar del condado de Bosque.<\/p>\n\n\t\t<\/div>\n\t<\/div>\n<\/div><\/div><\/div><\/div><\/div><\/div><\/div><\/div><div class=\"vc_row-full-width vc_clearfix\"><\/div>\n<\/section>","protected":false},"excerpt":{"rendered":"Libro Abierto Mente Abierta Reg\u00edstrese hoy y los libros comenzar\u00e1n a llegar a su hogar y continuar\u00e1n hasta que su hijo cumpla cinco a\u00f1os o se mude fuera del Condado de Bosque. REG\u00cdSTRESE HOY Suscr\u00edbase a nuestro bolet\u00edn informativo Proceso de selecci\u00f3n de libros Los expertos en alfabetizaci\u00f3n infantil aportan su experiencia para elegir el conjunto perfecto de libros apropiados para la edad de [...]","protected":false},"author":1,"featured_media":0,"parent":0,"menu_order":0,"comment_status":"closed","ping_status":"closed","template":"index.php","meta":{"footnotes":""},"_links":{"self":[{"href":"https:\/\/lddif.org\/es\/wp-json\/wp\/v2\/pages\/14"}],"collection":[{"href":"https:\/\/lddif.org\/es\/wp-json\/wp\/v2\/pages"}],"about":[{"href":"https:\/\/lddif.org\/es\/wp-json\/wp\/v2\/types\/page"}],"author":[{"embeddable":true,"href":"https:\/\/lddif.org\/es\/wp-json\/wp\/v2\/users\/1"}],"replies":[{"embeddable":true,"href":"https:\/\/lddif.org\/es\/wp-json\/wp\/v2\/comments?post=14"}],"version-history":[{"count":131,"href":"https:\/\/lddif.org\/es\/wp-json\/wp\/v2\/pages\/14\/revisions"}],"predecessor-version":[{"id":1040,"href":"https:\/\/lddif.org\/es\/wp-json\/wp\/v2\/pages\/14\/revisions\/1040"}],"wp:attachment":[{"href":"https:\/\/lddif.org\/es\/wp-json\/wp\/v2\/media?parent=14"}],"curies":[{"name":"wp","href":"https:\/\/api.w.org\/{rel}","templated":true}]}}