{"id":144,"date":"2020-03-17T08:41:13","date_gmt":"2020-03-17T08:41:13","guid":{"rendered":"https:\/\/www.ikonixstudios.com\/leah\/?page_id=144"},"modified":"2020-11-24T15:44:14","modified_gmt":"2020-11-24T15:44:14","slug":"interior","status":"publish","type":"page","link":"https:\/\/lddif.org\/es\/interior\/","title":{"rendered":"Haz una diferencia"},"content":{"rendered":"<section class=\"wpb-content-wrapper\"><div data-vc-full-width=\"true\" data-vc-full-width-init=\"false\" class=\"vc_row wpb_row vc_row-fluid vc_custom_1584436715524 vc_row-has-fill vc_row-o-equal-height vc_row-flex\"><div class=\"main-area wpb_column vc_column_container vc_col-sm-8 vc_col-has-fill\"><div class=\"vc_column-inner vc_custom_1585432218701\"><div class=\"wpb_wrapper\"><h1 style=\"text-align: left;font-family:Abril Fatface;font-weight:400;font-style:normal\" class=\"vc_custom_heading\" >Hacer la diferencia<\/h1>\n\t<div class=\"wpb_text_column wpb_content_element  main-content\" >\n\t\t<div class=\"wpb_wrapper\">\n\t\t\t<p>El apoyo a la Fundaci\u00f3n IMAGINATION de Leah Demaree Douglas es una forma poderosa de generar un impacto duradero en las vidas de los ni\u00f1os y las familias de Bosque Country. Ayude a los ni\u00f1os a tener \u00e9xito y a que nuestra comunidad prospere mejorando la alfabetizaci\u00f3n en la primera infancia con Imagination Library.<\/p>\n<p>El amor por los libros y la lectura proporciona una base para las habilidades de alfabetizaci\u00f3n que preparan a los ni\u00f1os para el \u00e9xito futuro. Los padres que leen a sus hijos desde que nacen mejoran la capacidad de lectura futura del ni\u00f1o.<\/p>\n<p>La Imagination Library pone libros en manos de ni\u00f1os de todo el mundo. Se asocian con organizaciones comunitarias locales como la Fundaci\u00f3n Leah Demaree Douglas IMAGINATION para proporcionar cada mes un libro especialmente seleccionado, apropiado para su edad y de alta calidad a los ni\u00f1os participantes desde el nacimiento hasta los cinco a\u00f1os. Estos libros se personalizan con el nombre de cada ni\u00f1o y se env\u00edan por correo directamente a su hogar para crear una experiencia de regalo que hace que los libros sean emocionantes y alienta a las familias a pasar tiempo disfrutando de los libros juntas. Lo mejor de todo es que es un<strong><em> regalo<\/em><\/strong> a la familia de la Fundaci\u00f3n IMAGINATION Leah Demaree Douglas.<\/p>\n<p>Sabemos que el cambio comunitario sostenible requiere la participaci\u00f3n de los miembros de la comunidad, y la Fundaci\u00f3n Leah Demaree Douglas IMAGINATION puede ser un veh\u00edculo para iniciar este enfoque colaborativo para garantizar un amor de por vida por la lectura y el aprendizaje para la generaci\u00f3n m\u00e1s joven de nuestra comunidad.<\/p>\n\n\t\t<\/div>\n\t<\/div>\n<div class=\"vc_separator wpb_content_element vc_separator_align_center vc_sep_width_100 vc_sep_pos_align_center vc_separator_no_text vc_sep_color_blue  hr\" ><span class=\"vc_sep_holder vc_sep_holder_l\"><span class=\"vc_sep_line\"><\/span><\/span><span class=\"vc_sep_holder vc_sep_holder_r\"><span class=\"vc_sep_line\"><\/span><\/span>\n<\/div><div class=\"vc_row wpb_row vc_inner vc_row-fluid donate vc_row-o-equal-height vc_row-flex\"><div class=\"wpb_column vc_column_container vc_col-sm-3\"><div class=\"vc_column-inner\"><div class=\"wpb_wrapper\"><div class=\"vc_btn3-container vc_btn3-center\" ><a style=\"background-color:#ed853c; color:#ffffff;\" class=\"vc_general vc_btn3 vc_btn3-size-md vc_btn3-shape-rounded vc_btn3-style-custom vc_btn3-block\" href=\"https:\/\/www.iatspayments.com\/saaura\/PA74A61D7B12901DDD\" title=\"\" target=\"_blank\">DONAR<\/a><\/div><\/div><\/div><\/div><div class=\"wpb_column vc_column_container vc_col-sm-9\"><div class=\"vc_column-inner\"><div class=\"wpb_wrapper\">\n\t<div class=\"wpb_text_column wpb_content_element\" >\n\t\t<div class=\"wpb_wrapper\">\n\t\t\t<p>Por favor done a la Fundaci\u00f3n IMAGINATION Leah Demaree Douglas<\/p>\n\n\t\t<\/div>\n\t<\/div>\n<\/div><\/div><\/div><\/div><div class=\"vc_separator wpb_content_element vc_separator_align_center vc_sep_width_100 vc_sep_pos_align_center vc_separator_no_text vc_sep_color_blue  hr\" ><span class=\"vc_sep_holder vc_sep_holder_l\"><span class=\"vc_sep_line\"><\/span><\/span><span class=\"vc_sep_holder vc_sep_holder_r\"><span class=\"vc_sep_line\"><\/span><\/span>\n<\/div>\n\t<div class=\"wpb_text_column wpb_content_element\" >\n\t\t<div class=\"wpb_wrapper\">\n\t\t\t<p><strong>Invertir en alfabetizaci\u00f3n temprana<\/strong><\/p>\n<ol>\n<li>El noventa por ciento del desarrollo f\u00edsico del cerebro ocurre en los primeros tres a\u00f1os de vida, cuando un beb\u00e9 forma m\u00e1s de 1 mill\u00f3n de nuevas conexiones neuronales por segundo.<\/li>\n<li>Cuando un ni\u00f1o peque\u00f1o ingresa al jard\u00edn de infantes listo para la escuela, existe una probabilidad de 82% de que domine las habilidades b\u00e1sicas a los 11 a\u00f1os, en comparaci\u00f3n con una probabilidad de 45% para los ni\u00f1os que no est\u00e1n preparados para la escuela.<\/li>\n<li>M\u00e1s adelante en la vida, los ni\u00f1os en riesgo que no reciben experiencias de alta calidad en la primera infancia tienen 25% m\u00e1s probabilidades de abandonar la escuela, 40% m\u00e1s probabilidades de convertirse en padres adolescentes y 60% menos probabilidades de asistir a la universidad.<\/li>\n<li>La inversi\u00f3n en programas de alta calidad para la primera infancia para ni\u00f1os en riesgo desde el nacimiento hasta los cinco a\u00f1os genera un retorno de la inversi\u00f3n anual de 7-10% a trav\u00e9s de mejores resultados educativos, sanitarios, sociales y econ\u00f3micos, una mayor productividad y una menor necesidad de gasto social.<\/li>\n<\/ol>\n\n\t\t<\/div>\n\t<\/div>\n<\/div><\/div><\/div><div class=\"faq-sec wpb_column vc_column_container vc_col-sm-4\"><div class=\"vc_column-inner vc_custom_1584436958682\"><div class=\"wpb_wrapper\"><div class=\"vc_row wpb_row vc_inner vc_row-fluid vc_custom_1593461498157 vc_row-has-fill\"><div class=\"cta-img wpb_column vc_column_container vc_col-sm-3\"><div class=\"vc_column-inner\"><div class=\"wpb_wrapper\">\n\t<div  class=\"wpb_single_image wpb_content_element vc_align_left\">\n\t\t\n\t\t<figure class=\"wpb_wrapper vc_figure\">\n\t\t\t<div class=\"vc_single_image-wrapper   vc_box_border_grey\"><img width=\"150\" height=\"150\" src=\"https:\/\/lddif.org\/wp-content\/uploads\/2020\/03\/book-selection-150x150.png\" class=\"vc_single_image-img attachment-thumbnail\" alt=\"\" decoding=\"async\" title=\"selecci\u00f3n de libros\" loading=\"lazy\" \/><\/div>\n\t\t<\/figure>\n\t<\/div>\n<\/div><\/div><\/div><div class=\"cta-container wpb_column vc_column_container vc_col-sm-9\"><div class=\"vc_column-inner\"><div class=\"wpb_wrapper\"><h3 style=\"color: #ffffff;text-align: left\" class=\"vc_custom_heading cta-title\" >PROCESO DE SELECCI\u00d3N DE LIBROS<\/h3>\n\t<div class=\"wpb_text_column wpb_content_element  cta-link\" >\n\t\t<div class=\"wpb_wrapper\">\n\t\t\t<p><a class=\"con\" href=\"https:\/\/lddif.org\/es\/book-selection\/\">Aprende m\u00e1s<\/a><\/p>\n\n\t\t<\/div>\n\t<\/div>\n<\/div><\/div><\/div><\/div><div class=\"vc_row wpb_row vc_inner vc_row-fluid vc_custom_1593461507169 vc_row-has-fill\"><div class=\"cta-img wpb_column vc_column_container vc_col-sm-3\"><div class=\"vc_column-inner\"><div class=\"wpb_wrapper\">\n\t<div  class=\"wpb_single_image wpb_content_element vc_align_left\">\n\t\t\n\t\t<figure class=\"wpb_wrapper vc_figure\">\n\t\t\t<div class=\"vc_single_image-wrapper   vc_box_border_grey\"><img width=\"150\" height=\"150\" src=\"https:\/\/lddif.org\/wp-content\/uploads\/2020\/03\/open-mind-150x150.png\" class=\"vc_single_image-img attachment-thumbnail\" alt=\"\" decoding=\"async\" title=\"mente abierta\" loading=\"lazy\" \/><\/div>\n\t\t<\/figure>\n\t<\/div>\n<\/div><\/div><\/div><div class=\"cta-container wpb_column vc_column_container vc_col-sm-9\"><div class=\"vc_column-inner\"><div class=\"wpb_wrapper\"><h3 style=\"color: #ffffff;text-align: left\" class=\"vc_custom_heading cta-title\" >LIBRO ABIERTO, MENTE ABIERTA<\/h3>\n\t<div class=\"wpb_text_column wpb_content_element  cta-link\" >\n\t\t<div class=\"wpb_wrapper\">\n\t\t\t<p><a class=\"con\" href=\"https:\/\/lddif.org\/es\/regstration\/\">REG\u00cdSTRESE HOY<\/a><\/p>\n\n\t\t<\/div>\n\t<\/div>\n<\/div><\/div><\/div><\/div><div class=\"vc_row wpb_row vc_inner vc_row-fluid vc_custom_1593461518236 vc_row-has-fill\"><div class=\"cta-img wpb_column vc_column_container vc_col-sm-3\"><div class=\"vc_column-inner\"><div class=\"wpb_wrapper\">\n\t<div  class=\"wpb_single_image wpb_content_element vc_align_left\">\n\t\t\n\t\t<figure class=\"wpb_wrapper vc_figure\">\n\t\t\t<div class=\"vc_single_image-wrapper   vc_box_border_grey\"><img width=\"150\" height=\"150\" src=\"https:\/\/lddif.org\/wp-content\/uploads\/2020\/03\/donation-150x150.png\" class=\"vc_single_image-img attachment-thumbnail\" alt=\"\" decoding=\"async\" title=\"donaci\u00f3n\" loading=\"lazy\" \/><\/div>\n\t\t<\/figure>\n\t<\/div>\n<\/div><\/div><\/div><div class=\"cta-container wpb_column vc_column_container vc_col-sm-9\"><div class=\"vc_column-inner\"><div class=\"wpb_wrapper\"><h3 style=\"color: #ffffff;text-align: left\" class=\"vc_custom_heading cta-title\" >HAZ UNA DONACI\u00d3N<\/h3>\n\t<div class=\"wpb_text_column wpb_content_element  cta-link\" >\n\t\t<div class=\"wpb_wrapper\">\n\t\t\t<p><a class=\"con\" href=\"https:\/\/www.iatspayments.com\/aura\/fbaura.aspx?PID=PABEE42DAD32B843D2&amp;\">DONAR<\/a><\/p>\n\n\t\t<\/div>\n\t<\/div>\n<\/div><\/div><\/div><\/div><\/div><\/div><\/div><\/div><div class=\"vc_row-full-width vc_clearfix\"><\/div><div data-vc-full-width=\"true\" data-vc-full-width-init=\"false\" class=\"vc_row wpb_row vc_row-fluid home-fourth vc_custom_1593459058891 vc_row-has-fill\"><div class=\"newsletter-box wpb_column vc_column_container vc_col-sm-12\"><div class=\"vc_column-inner\"><div class=\"wpb_wrapper\"><h2 style=\"text-align: center;font-family:Abril Fatface;font-weight:400;font-style:normal\" class=\"vc_custom_heading newsletter-title\" >SUSCR\u00cdBETE A NUESTRO BOLET\u00cdN<\/h2>\n\t<div class=\"wpb_text_column wpb_content_element\" >\n\t\t<div class=\"wpb_wrapper\">\n\t\t\t\n<div class=\"wpcf7 no-js\" id=\"wpcf7-f293-o1\" lang=\"en-US\" dir=\"ltr\">\n<div class=\"screen-reader-response\"><p role=\"status\" aria-live=\"polite\" aria-atomic=\"true\"><\/p> <ul><\/ul><\/div>\n<form action=\"\/es\/wp-json\/wp\/v2\/pages\/144#wpcf7-f293-o1\" method=\"post\" class=\"wpcf7-form init\" aria-label=\"Formulario de contacto\" novalidate=\"novalidate\" data-status=\"init\" data-trp-original-action=\"\/es\/wp-json\/wp\/v2\/pages\/144#wpcf7-f293-o1\">\n<div style=\"display: none;\">\n<input type=\"hidden\" name=\"_wpcf7\" value=\"293\" \/>\n<input type=\"hidden\" name=\"_wpcf7_version\" value=\"5.8\" \/>\n<input type=\"hidden\" name=\"_wpcf7_locale\" value=\"en_US\" \/>\n<input type=\"hidden\" name=\"_wpcf7_unit_tag\" value=\"wpcf7-f293-o1\" \/>\n<input type=\"hidden\" name=\"_wpcf7_container_post\" value=\"0\" \/>\n<input type=\"hidden\" name=\"_wpcf7_posted_data_hash\" value=\"\" \/>\n<input type=\"hidden\" name=\"_wpcf7_recaptcha_response\" value=\"\" \/>\n<\/div>\n<div class=\"container\">\n\t<div class=\"row\">\n\t\t<div class=\"col-md-4 col-sm-12\">\n\t\t\t<p><span class=\"wpcf7-form-control-wrap\" data-name=\"text-533\"><input size=\"40\" class=\"wpcf7-form-control wpcf7-text wpcf7-validates-as-required form-control box\" aria-required=\"true\" aria-invalid=\"false\" placeholder=\"Nombre\" value=\"\" type=\"text\" name=\"text-533\" \/><\/span>\n\t\t\t<\/p>\n\t\t<\/div><!-- col end here -->\n\t\t<div class=\"col-md-4 col-sm-12\">\n\t\t\t<p><span class=\"wpcf7-form-control-wrap\" data-name=\"email-753\"><input size=\"40\" class=\"wpcf7-form-control wpcf7-email wpcf7-validates-as-required wpcf7-text wpcf7-validates-as-email form-control box\" aria-required=\"true\" aria-invalid=\"false\" placeholder=\"Correo electr\u00f3nico\" value=\"\" type=\"email\" name=\"email-753\" \/><\/span>\n\t\t\t<\/p>\n\t\t<\/div><!-- col end here -->\n\t\t<div class=\"col-md-3 col-sm-12\">\n\t\t\t<p><input class=\"wpcf7-form-control wpcf7-submit has-spinner btn reg-btn\" type=\"submit\" value=\"Inscribirse\" \/>\n\t\t\t<\/p>\n\t\t<\/div><!-- col end here -->\n\t<\/div>\n<\/div><div class=\"wpcf7-response-output\" aria-hidden=\"true\"><\/div>\n<input type=\"hidden\" name=\"trp-form-language\" value=\"es\"\/><\/form>\n<\/div>\n\n\n\t\t<\/div>\n\t<\/div>\n<\/div><\/div><\/div><\/div><div class=\"vc_row-full-width vc_clearfix\"><\/div>\n<\/section>","protected":false},"excerpt":{"rendered":"El apoyo a Make a Difference para la Fundaci\u00f3n IMAGINATION de Leah Demaree Douglas es una forma poderosa de generar un impacto duradero en las vidas de los ni\u00f1os y las familias de Bosque Country. Ayude a los ni\u00f1os a tener \u00e9xito y a que nuestra comunidad prospere mejorando la alfabetizaci\u00f3n en la primera infancia con Imagination Library. El amor por los libros y la lectura proporciona [...]","protected":false},"author":1,"featured_media":0,"parent":0,"menu_order":0,"comment_status":"closed","ping_status":"closed","template":"","meta":{"footnotes":""},"_links":{"self":[{"href":"https:\/\/lddif.org\/es\/wp-json\/wp\/v2\/pages\/144"}],"collection":[{"href":"https:\/\/lddif.org\/es\/wp-json\/wp\/v2\/pages"}],"about":[{"href":"https:\/\/lddif.org\/es\/wp-json\/wp\/v2\/types\/page"}],"author":[{"embeddable":true,"href":"https:\/\/lddif.org\/es\/wp-json\/wp\/v2\/users\/1"}],"replies":[{"embeddable":true,"href":"https:\/\/lddif.org\/es\/wp-json\/wp\/v2\/comments?post=144"}],"version-history":[{"count":38,"href":"https:\/\/lddif.org\/es\/wp-json\/wp\/v2\/pages\/144\/revisions"}],"predecessor-version":[{"id":1039,"href":"https:\/\/lddif.org\/es\/wp-json\/wp\/v2\/pages\/144\/revisions\/1039"}],"wp:attachment":[{"href":"https:\/\/lddif.org\/es\/wp-json\/wp\/v2\/media?parent=144"}],"curies":[{"name":"wp","href":"https:\/\/api.w.org\/{rel}","templated":true}]}}