{"id":16,"date":"2020-03-13T10:50:41","date_gmt":"2020-03-13T10:50:41","guid":{"rendered":"https:\/\/www.ikonixstudios.com\/leah\/?page_id=16"},"modified":"2020-11-24T15:45:59","modified_gmt":"2020-11-24T15:45:59","slug":"about-us","status":"publish","type":"page","link":"https:\/\/lddif.org\/es\/about-us\/","title":{"rendered":"Sobre nosotros"},"content":{"rendered":"<section class=\"wpb-content-wrapper\"><div data-vc-full-width=\"true\" data-vc-full-width-init=\"false\" class=\"vc_row wpb_row vc_row-fluid sidebar vc_custom_1586792345705 vc_row-has-fill vc_row-o-equal-height vc_row-flex\"><div class=\"main-area wpb_column vc_column_container vc_col-sm-8 vc_col-has-fill\"><div class=\"vc_column-inner vc_custom_1585432218701\"><div class=\"wpb_wrapper\"><h1 style=\"text-align: left;font-family:Abril Fatface;font-weight:400;font-style:normal\" class=\"vc_custom_heading\" >Fundaci\u00f3n de la Imaginaci\u00f3n Leah Demaree Douglas<\/h1>\n\t<div class=\"wpb_text_column wpb_content_element  main-content\" >\n\t\t<div class=\"wpb_wrapper\">\n\t\t\t<p>Fundada en 2019, la Fundaci\u00f3n IMAGINATION Leah Demaree Douglas est\u00e1 comprometida a promover los beneficios de la alfabetizaci\u00f3n infantil en el condado de Bosque, Texas. Al proporcionar libros divertidos y atractivos a familias locales con ni\u00f1os menores de cinco a\u00f1os, la Fundaci\u00f3n Leah Demaree Douglas IMAGINATION est\u00e1 ayudando a crear el amor por la lectura y apoyando el desarrollo de la primera infancia en los ni\u00f1os en edad preescolar del condado de Bosque.<\/p>\n\n\t\t<\/div>\n\t<\/div>\n\n\t<div  class=\"wpb_single_image wpb_content_element vc_align_center  vc_custom_1585424527234  main-body-photo\">\n\t\t\n\t\t<figure class=\"wpb_wrapper vc_figure\">\n\t\t\t<div class=\"vc_single_image-wrapper   vc_box_border_grey\"><img width=\"663\" height=\"302\" src=\"https:\/\/lddif.org\/wp-content\/uploads\/2020\/03\/about-leah-photo.jpg\" class=\"vc_single_image-img attachment-full\" alt=\"\" decoding=\"async\" title=\"acerca de-leah-foto\" loading=\"lazy\" srcset=\"https:\/\/lddif.org\/wp-content\/uploads\/2020\/03\/about-leah-photo.jpg 663w, https:\/\/lddif.org\/wp-content\/uploads\/2020\/03\/about-leah-photo-300x137.jpg 300w\" sizes=\"(max-width: 663px) 100vw, 663px\" \/><\/div>\n\t\t<\/figure>\n\t<\/div>\n\n\t<div class=\"wpb_text_column wpb_content_element  main-content\" >\n\t\t<div class=\"wpb_wrapper\">\n\t\t\t<h2>Acerca de Lea<\/h2>\n<p>Leah Demaree Douglas era madre, \u00e1vida lectora y empresaria en Clifton, Texas, a quien le apasionaban los beneficios de leerle a su hija, Madeline, todos los d\u00edas. Leah quer\u00eda que todos los ni\u00f1os en edad preescolar del condado de Bosque tuvieran acceso a los libros y recursos que necesitan para desarrollar el amor por la lectura y tener \u00e9xito cuando comiencen el jard\u00edn de infantes. Para honrar la memoria de Leah y su pasi\u00f3n por la alfabetizaci\u00f3n en la primera infancia, su familia y amigos se asociaron con la Dolly Parton Imagination Foundation para lanzar la Leah Demaree Douglas IMAGINATION Foundation en el condado de Bosque, Texas.<\/p>\n<h2>Beneficios de la alfabetizaci\u00f3n en la primera infancia<\/h2>\n<p>De acuerdo con la <a href=\"https:\/\/www.pbs.org\/newshour\/bb\/infant-reading-aloud-young-children-benefits-brain-development\/\">Academia Americana de Pediatr\u00eda<\/a>, m\u00e1s de uno de cada tres ni\u00f1os estadounidenses comienza el jard\u00edn de infantes sin las habilidades necesarias para aprender a leer. Como resultado, alrededor de dos tercios de los ni\u00f1os no pueden leer con competencia al final del tercer grado. La soluci\u00f3n: leer en voz alta con tus hijos.<\/p>\n<p>Leerle en voz alta a un ni\u00f1o todos los d\u00edas aumenta la alfabetizaci\u00f3n, crea un v\u00ednculo social y fomenta el amor por la lectura que impulsa el \u00e9xito en la escuela. Cuando un padre o un adulto de confianza le lee a un ni\u00f1o, incluso a un beb\u00e9, estimula la parte del cerebro que ayuda a desarrollar el lenguaje, la alfabetizaci\u00f3n y las habilidades sociales clave. Un estudio reciente encontr\u00f3 que \u201cleer en casa con ni\u00f1os desde una edad temprana estaba fuertemente correlacionado con la activaci\u00f3n cerebral en \u00e1reas relacionadas con las im\u00e1genes visuales y la comprensi\u00f3n del significado del lenguaje\u201d (<a href=\"https:\/\/time.com\/3836428\/reading-to-children-brain\/\">TIEMPO.com<\/a>)<\/p>\n\n\t\t<\/div>\n\t<\/div>\n<\/div><\/div><\/div><div class=\"faq-sec wpb_column vc_column_container vc_col-sm-4\"><div class=\"vc_column-inner vc_custom_1584436958682\"><div class=\"wpb_wrapper\"><div class=\"vc_row wpb_row vc_inner vc_row-fluid callout vc_custom_1593461308997 vc_row-has-fill\"><div class=\"cta-img wpb_column vc_column_container vc_col-sm-3\"><div class=\"vc_column-inner\"><div class=\"wpb_wrapper\">\n\t<div  class=\"wpb_single_image wpb_content_element vc_align_left\">\n\t\t\n\t\t<figure class=\"wpb_wrapper vc_figure\">\n\t\t\t<div class=\"vc_single_image-wrapper   vc_box_border_grey\"><img width=\"150\" height=\"150\" src=\"https:\/\/lddif.org\/wp-content\/uploads\/2020\/03\/book-selection-150x150.png\" class=\"vc_single_image-img attachment-thumbnail\" alt=\"\" decoding=\"async\" title=\"selecci\u00f3n de libros\" loading=\"lazy\" \/><\/div>\n\t\t<\/figure>\n\t<\/div>\n<\/div><\/div><\/div><div class=\"cta-container wpb_column vc_column_container vc_col-sm-9\"><div class=\"vc_column-inner\"><div class=\"wpb_wrapper\"><h3 style=\"color: #ffffff;text-align: left\" class=\"vc_custom_heading cta-title\" >PROCESO DE SELECCI\u00d3N DE LIBROS<\/h3>\n\t<div class=\"wpb_text_column wpb_content_element  cta-link\" >\n\t\t<div class=\"wpb_wrapper\">\n\t\t\t<p><a class=\"con\" href=\"https:\/\/lddif.org\/es\/book-selection\/\">Aprende m\u00e1s<\/a><\/p>\n\n\t\t<\/div>\n\t<\/div>\n<\/div><\/div><\/div><\/div><div class=\"vc_row wpb_row vc_inner vc_row-fluid callout vc_custom_1593461335943 vc_row-has-fill\"><div class=\"cta-img wpb_column vc_column_container vc_col-sm-3\"><div class=\"vc_column-inner\"><div class=\"wpb_wrapper\">\n\t<div  class=\"wpb_single_image wpb_content_element vc_align_left\">\n\t\t\n\t\t<figure class=\"wpb_wrapper vc_figure\">\n\t\t\t<div class=\"vc_single_image-wrapper   vc_box_border_grey\"><img width=\"150\" height=\"150\" src=\"https:\/\/lddif.org\/wp-content\/uploads\/2020\/03\/open-mind-150x150.png\" class=\"vc_single_image-img attachment-thumbnail\" alt=\"\" decoding=\"async\" title=\"mente abierta\" loading=\"lazy\" \/><\/div>\n\t\t<\/figure>\n\t<\/div>\n<\/div><\/div><\/div><div class=\"cta-container wpb_column vc_column_container vc_col-sm-9\"><div class=\"vc_column-inner\"><div class=\"wpb_wrapper\"><h3 style=\"color: #ffffff;text-align: left\" class=\"vc_custom_heading cta-title\" >LIBRO ABIERTO, MENTE ABIERTA<\/h3>\n\t<div class=\"wpb_text_column wpb_content_element  cta-link\" >\n\t\t<div class=\"wpb_wrapper\">\n\t\t\t<p><a class=\"con\" href=\"https:\/\/lddif.org\/es\/regstration\/\">REG\u00cdSTRESE HOY<\/a><\/p>\n\n\t\t<\/div>\n\t<\/div>\n<\/div><\/div><\/div><\/div><div class=\"vc_row wpb_row vc_inner vc_row-fluid callout vc_custom_1593461351045 vc_row-has-fill\"><div class=\"cta-img wpb_column vc_column_container vc_col-sm-3\"><div class=\"vc_column-inner\"><div class=\"wpb_wrapper\">\n\t<div  class=\"wpb_single_image wpb_content_element vc_align_left\">\n\t\t\n\t\t<figure class=\"wpb_wrapper vc_figure\">\n\t\t\t<div class=\"vc_single_image-wrapper   vc_box_border_grey\"><img width=\"150\" height=\"150\" src=\"https:\/\/lddif.org\/wp-content\/uploads\/2020\/03\/donation-150x150.png\" class=\"vc_single_image-img attachment-thumbnail\" alt=\"\" decoding=\"async\" title=\"donaci\u00f3n\" loading=\"lazy\" \/><\/div>\n\t\t<\/figure>\n\t<\/div>\n<\/div><\/div><\/div><div class=\"cta-container wpb_column vc_column_container vc_col-sm-9\"><div class=\"vc_column-inner\"><div class=\"wpb_wrapper\"><h3 style=\"color: #ffffff;text-align: left\" class=\"vc_custom_heading cta-title\" >HAZ UNA DONACI\u00d3N<\/h3>\n\t<div class=\"wpb_text_column wpb_content_element  cta-link\" >\n\t\t<div class=\"wpb_wrapper\">\n\t\t\t<p><a class=\"con\" href=\"https:\/\/www.iatspayments.com\/saaura\/PA74A61D7B12901DDD\">DONAR<\/a><\/p>\n\n\t\t<\/div>\n\t<\/div>\n<\/div><\/div><\/div><\/div><\/div><\/div><\/div><\/div><div class=\"vc_row-full-width vc_clearfix\"><\/div><div data-vc-full-width=\"true\" data-vc-full-width-init=\"false\" class=\"vc_row wpb_row vc_row-fluid home-fourth vc_custom_1593456228427 vc_row-has-fill\"><div class=\"newsletter-box wpb_column vc_column_container vc_col-sm-12\"><div class=\"vc_column-inner\"><div class=\"wpb_wrapper\"><h2 style=\"text-align: center;font-family:Abril Fatface;font-weight:400;font-style:normal\" class=\"vc_custom_heading newsletter-title\" >SUSCR\u00cdBETE A NUESTRO BOLET\u00cdN<\/h2>\n\t<div class=\"wpb_text_column wpb_content_element\" >\n\t\t<div class=\"wpb_wrapper\">\n\t\t\t\n<div class=\"wpcf7 no-js\" id=\"wpcf7-f293-o1\" lang=\"en-US\" dir=\"ltr\">\n<div class=\"screen-reader-response\"><p role=\"status\" aria-live=\"polite\" aria-atomic=\"true\"><\/p> <ul><\/ul><\/div>\n<form action=\"\/es\/wp-json\/wp\/v2\/pages\/16#wpcf7-f293-o1\" method=\"post\" class=\"wpcf7-form init\" aria-label=\"Formulario de contacto\" novalidate=\"novalidate\" data-status=\"init\" data-trp-original-action=\"\/es\/wp-json\/wp\/v2\/pages\/16#wpcf7-f293-o1\">\n<div style=\"display: none;\">\n<input type=\"hidden\" name=\"_wpcf7\" value=\"293\" \/>\n<input type=\"hidden\" name=\"_wpcf7_version\" value=\"5.8\" \/>\n<input type=\"hidden\" name=\"_wpcf7_locale\" value=\"en_US\" \/>\n<input type=\"hidden\" name=\"_wpcf7_unit_tag\" value=\"wpcf7-f293-o1\" \/>\n<input type=\"hidden\" name=\"_wpcf7_container_post\" value=\"0\" \/>\n<input type=\"hidden\" name=\"_wpcf7_posted_data_hash\" value=\"\" \/>\n<input type=\"hidden\" name=\"_wpcf7_recaptcha_response\" value=\"\" \/>\n<\/div>\n<div class=\"container\">\n\t<div class=\"row\">\n\t\t<div class=\"col-md-4 col-sm-12\">\n\t\t\t<p><span class=\"wpcf7-form-control-wrap\" data-name=\"text-533\"><input size=\"40\" class=\"wpcf7-form-control wpcf7-text wpcf7-validates-as-required form-control box\" aria-required=\"true\" aria-invalid=\"false\" placeholder=\"Nombre\" value=\"\" type=\"text\" name=\"text-533\" \/><\/span>\n\t\t\t<\/p>\n\t\t<\/div><!-- col end here -->\n\t\t<div class=\"col-md-4 col-sm-12\">\n\t\t\t<p><span class=\"wpcf7-form-control-wrap\" data-name=\"email-753\"><input size=\"40\" class=\"wpcf7-form-control wpcf7-email wpcf7-validates-as-required wpcf7-text wpcf7-validates-as-email form-control box\" aria-required=\"true\" aria-invalid=\"false\" placeholder=\"Correo electr\u00f3nico\" value=\"\" type=\"email\" name=\"email-753\" \/><\/span>\n\t\t\t<\/p>\n\t\t<\/div><!-- col end here -->\n\t\t<div class=\"col-md-3 col-sm-12\">\n\t\t\t<p><input class=\"wpcf7-form-control wpcf7-submit has-spinner btn reg-btn\" type=\"submit\" value=\"Inscribirse\" \/>\n\t\t\t<\/p>\n\t\t<\/div><!-- col end here -->\n\t<\/div>\n<\/div><div class=\"wpcf7-response-output\" aria-hidden=\"true\"><\/div>\n<input type=\"hidden\" name=\"trp-form-language\" value=\"es\"\/><\/form>\n<\/div>\n\n\n\t\t<\/div>\n\t<\/div>\n<\/div><\/div><\/div><\/div><div class=\"vc_row-full-width vc_clearfix\"><\/div>\n<\/section>","protected":false},"excerpt":{"rendered":"Fundaci\u00f3n Leah Demaree Douglas Imagination Fundada en 2019, la Fundaci\u00f3n Leah Demaree Douglas IMAGINATION est\u00e1 comprometida a promover los beneficios de la alfabetizaci\u00f3n infantil en el condado de Bosque, Texas. Al proporcionar libros divertidos y atractivos a familias locales con ni\u00f1os menores de cinco a\u00f1os, la Fundaci\u00f3n IMAGINATION Leah Demaree Douglas est\u00e1 ayudando a crear el amor por la lectura [...]","protected":false},"author":1,"featured_media":0,"parent":0,"menu_order":0,"comment_status":"closed","ping_status":"closed","template":"","meta":{"footnotes":""},"_links":{"self":[{"href":"https:\/\/lddif.org\/es\/wp-json\/wp\/v2\/pages\/16"}],"collection":[{"href":"https:\/\/lddif.org\/es\/wp-json\/wp\/v2\/pages"}],"about":[{"href":"https:\/\/lddif.org\/es\/wp-json\/wp\/v2\/types\/page"}],"author":[{"embeddable":true,"href":"https:\/\/lddif.org\/es\/wp-json\/wp\/v2\/users\/1"}],"replies":[{"embeddable":true,"href":"https:\/\/lddif.org\/es\/wp-json\/wp\/v2\/comments?post=16"}],"version-history":[{"count":70,"href":"https:\/\/lddif.org\/es\/wp-json\/wp\/v2\/pages\/16\/revisions"}],"predecessor-version":[{"id":1041,"href":"https:\/\/lddif.org\/es\/wp-json\/wp\/v2\/pages\/16\/revisions\/1041"}],"wp:attachment":[{"href":"https:\/\/lddif.org\/es\/wp-json\/wp\/v2\/media?parent=16"}],"curies":[{"name":"wp","href":"https:\/\/api.w.org\/{rel}","templated":true}]}}