{"id":18,"date":"2020-03-13T10:51:22","date_gmt":"2020-03-13T10:51:22","guid":{"rendered":"https:\/\/www.ikonixstudios.com\/leah\/?page_id=18"},"modified":"2020-11-24T15:46:30","modified_gmt":"2020-11-24T15:46:30","slug":"information","status":"publish","type":"page","link":"https:\/\/lddif.org\/es\/information\/","title":{"rendered":"Informaci\u00f3n"},"content":{"rendered":"<section class=\"wpb-content-wrapper\"><div data-vc-full-width=\"true\" data-vc-full-width-init=\"false\" class=\"vc_row wpb_row vc_row-fluid vc_custom_1584436715524 vc_row-has-fill vc_row-o-equal-height vc_row-flex\"><div class=\"main-area wpb_column vc_column_container vc_col-sm-8 vc_col-has-fill\"><div class=\"vc_column-inner vc_custom_1585432218701\"><div class=\"wpb_wrapper\"><h1 style=\"text-align: left;font-family:Abril Fatface;font-weight:400;font-style:normal\" class=\"vc_custom_heading\" >P\u00e1gina de informaci\u00f3n para padres\/cuidadores<\/h1>\n\t<div class=\"wpb_text_column wpb_content_element  main-content\" >\n\t\t<div class=\"wpb_wrapper\">\n\t\t\t<p>La Fundaci\u00f3n IMAGINATION Leah Demaree Douglas y la Biblioteca Imagination de Dolly Parton creen que si puedes leer, puedes hacer cualquier cosa, so\u00f1ar cualquier cosa y ser cualquier cosa. A trav\u00e9s del programa Imagination Library, la Leah Demaree Douglas Imagination Foundation quiere garantizar que todos los ni\u00f1os de Bosque Country tengan libros en casa.<\/p>\n<h2>Bienvenidos a la Biblioteca de la Imaginaci\u00f3n<\/h2>\n<p>El amor por los libros y la lectura proporciona una base para las habilidades de alfabetizaci\u00f3n que preparan a los ni\u00f1os para el \u00e9xito futuro. Los padres que leen a sus hijos desde que nacen mejoran la capacidad de lectura futura del ni\u00f1o.<\/p>\n<p>La Imagination Library pone libros en manos de ni\u00f1os de todo el mundo. Se asocian con organizaciones comunitarias locales como la Fundaci\u00f3n Leah Demaree Douglas IMAGINATION para proporcionar cada mes un libro especialmente seleccionado, apropiado para su edad y de alta calidad a los ni\u00f1os participantes desde el nacimiento hasta los cinco a\u00f1os. Estos libros se personalizan con el nombre de cada ni\u00f1o y se env\u00edan por correo directamente a su hogar para crear una experiencia de regalo que hace que los libros sean emocionantes y alienta a las familias a pasar tiempo disfrutando de los libros juntas. Lo mejor de todo es que es un regalo para la familia de la Fundaci\u00f3n IMAGINATION de Leah Demaree Douglas.<\/p>\n<p>&quot;El factor m\u00e1s importante que influye en el \u00e9xito educativo temprano de un ni\u00f1o es la introducci\u00f3n a los libros y que le lean en casa antes de comenzar la escuela&quot;.<\/p>\n<h2>Comisi\u00f3n Nacional de Lectura<\/h2>\n<p>La Imagination Library tiene mucha experiencia con padres, cuidadores, ni\u00f1os y la lectura. Fomentamos buenos h\u00e1bitos de lectura para padres, cuidadores y sus hijos. Cuando su hijo reciba sus libros de Imagination Library, le pedimos que haga lo siguiente:<\/p>\n\n\t\t<\/div>\n\t<\/div>\n<div class=\"vc_row wpb_row vc_inner vc_row-fluid\"><div class=\"wpb_column vc_column_container vc_col-sm-4\"><div class=\"vc_column-inner\"><div class=\"wpb_wrapper\">\n\t<div class=\"wpb_text_column wpb_content_element  info-pg-steps\" >\n\t\t<div class=\"wpb_wrapper\">\n\t\t\t<p>Comience a leerle a su hijo inmediatamente<\/p>\n\n\t\t<\/div>\n\t<\/div>\n<\/div><\/div><\/div><div class=\"wpb_column vc_column_container vc_col-sm-4\"><div class=\"vc_column-inner\"><div class=\"wpb_wrapper\">\n\t<div class=\"wpb_text_column wpb_content_element  info-pg-steps\" >\n\t\t<div class=\"wpb_wrapper\">\n\t\t\t<p>L\u00e9ale a su hijo al menos cinco d\u00edas a la semana<\/p>\n\n\t\t<\/div>\n\t<\/div>\n<\/div><\/div><\/div><div class=\"wpb_column vc_column_container vc_col-sm-4\"><div class=\"vc_column-inner\"><div class=\"wpb_wrapper\">\n\t<div class=\"wpb_text_column wpb_content_element  info-pg-steps\" >\n\t\t<div class=\"wpb_wrapper\">\n\t\t\t<p>Leer libros varias veces<\/p>\n\n\t\t<\/div>\n\t<\/div>\n<\/div><\/div><\/div><\/div>\n\t<div class=\"wpb_text_column wpb_content_element  main-content\" >\n\t\t<div class=\"wpb_wrapper\">\n\t\t\t<p>\u00a1Acurr\u00facate, haz preguntas, nota las letras, haz sonidos y divi\u00e9rtete!<\/p>\n\n\t\t<\/div>\n\t<\/div>\n<\/div><\/div><\/div><div class=\"faq-sec wpb_column vc_column_container vc_col-sm-4\"><div class=\"vc_column-inner vc_custom_1584436958682\"><div class=\"wpb_wrapper\"><div class=\"vc_row wpb_row vc_inner vc_row-fluid vc_custom_1593461444428 vc_row-has-fill\"><div class=\"cta-img wpb_column vc_column_container vc_col-sm-3\"><div class=\"vc_column-inner\"><div class=\"wpb_wrapper\">\n\t<div  class=\"wpb_single_image wpb_content_element vc_align_left\">\n\t\t\n\t\t<figure class=\"wpb_wrapper vc_figure\">\n\t\t\t<div class=\"vc_single_image-wrapper   vc_box_border_grey\"><img width=\"150\" height=\"150\" src=\"https:\/\/lddif.org\/wp-content\/uploads\/2020\/03\/book-selection-150x150.png\" class=\"vc_single_image-img attachment-thumbnail\" alt=\"\" decoding=\"async\" title=\"selecci\u00f3n de libros\" loading=\"lazy\" \/><\/div>\n\t\t<\/figure>\n\t<\/div>\n<\/div><\/div><\/div><div class=\"cta-container wpb_column vc_column_container vc_col-sm-9\"><div class=\"vc_column-inner\"><div class=\"wpb_wrapper\"><h3 style=\"color: #ffffff;text-align: left\" class=\"vc_custom_heading cta-title\" >PROCESO DE SELECCI\u00d3N DE LIBROS<\/h3>\n\t<div class=\"wpb_text_column wpb_content_element  cta-link\" >\n\t\t<div class=\"wpb_wrapper\">\n\t\t\t<p><a class=\"con\" href=\"#\">Aprende m\u00e1s<\/a><\/p>\n\n\t\t<\/div>\n\t<\/div>\n<\/div><\/div><\/div><\/div><div class=\"vc_row wpb_row vc_inner vc_row-fluid vc_custom_1593461453821 vc_row-has-fill\"><div class=\"cta-img wpb_column vc_column_container vc_col-sm-3\"><div class=\"vc_column-inner\"><div class=\"wpb_wrapper\">\n\t<div  class=\"wpb_single_image wpb_content_element vc_align_left\">\n\t\t\n\t\t<figure class=\"wpb_wrapper vc_figure\">\n\t\t\t<div class=\"vc_single_image-wrapper   vc_box_border_grey\"><img width=\"150\" height=\"150\" src=\"https:\/\/lddif.org\/wp-content\/uploads\/2020\/03\/open-mind-150x150.png\" class=\"vc_single_image-img attachment-thumbnail\" alt=\"\" decoding=\"async\" title=\"mente abierta\" loading=\"lazy\" \/><\/div>\n\t\t<\/figure>\n\t<\/div>\n<\/div><\/div><\/div><div class=\"cta-container wpb_column vc_column_container vc_col-sm-9\"><div class=\"vc_column-inner\"><div class=\"wpb_wrapper\"><h3 style=\"color: #ffffff;text-align: left\" class=\"vc_custom_heading cta-title\" >LIBRO ABIERTO, MENTE ABIERTA<\/h3>\n\t<div class=\"wpb_text_column wpb_content_element  cta-link\" >\n\t\t<div class=\"wpb_wrapper\">\n\t\t\t<p><a class=\"con\" href=\"https:\/\/lddif.org\/es\/regstration\/\">REG\u00cdSTRESE HOY<\/a><\/p>\n\n\t\t<\/div>\n\t<\/div>\n<\/div><\/div><\/div><\/div><div class=\"vc_row wpb_row vc_inner vc_row-fluid vc_custom_1593461462910 vc_row-has-fill\"><div class=\"cta-img wpb_column vc_column_container vc_col-sm-3\"><div class=\"vc_column-inner\"><div class=\"wpb_wrapper\">\n\t<div  class=\"wpb_single_image wpb_content_element vc_align_left\">\n\t\t\n\t\t<figure class=\"wpb_wrapper vc_figure\">\n\t\t\t<div class=\"vc_single_image-wrapper   vc_box_border_grey\"><img width=\"150\" height=\"150\" src=\"https:\/\/lddif.org\/wp-content\/uploads\/2020\/03\/donation-150x150.png\" class=\"vc_single_image-img attachment-thumbnail\" alt=\"\" decoding=\"async\" title=\"donaci\u00f3n\" loading=\"lazy\" \/><\/div>\n\t\t<\/figure>\n\t<\/div>\n<\/div><\/div><\/div><div class=\"cta-container wpb_column vc_column_container vc_col-sm-9\"><div class=\"vc_column-inner\"><div class=\"wpb_wrapper\"><h3 style=\"color: #ffffff;text-align: left\" class=\"vc_custom_heading cta-title\" >HAZ UNA DONACI\u00d3N<\/h3>\n\t<div class=\"wpb_text_column wpb_content_element  cta-link\" >\n\t\t<div class=\"wpb_wrapper\">\n\t\t\t<p><a class=\"con\" href=\"https:\/\/www.iatspayments.com\/saaura\/PA74A61D7B12901DDD\">DONAR<\/a><\/p>\n\n\t\t<\/div>\n\t<\/div>\n<\/div><\/div><\/div><\/div><\/div><\/div><\/div><\/div><div class=\"vc_row-full-width vc_clearfix\"><\/div><div data-vc-full-width=\"true\" data-vc-full-width-init=\"false\" class=\"vc_row wpb_row vc_row-fluid home-fourth vc_custom_1593456263575 vc_row-has-fill\"><div class=\"newsletter-box wpb_column vc_column_container vc_col-sm-12\"><div class=\"vc_column-inner\"><div class=\"wpb_wrapper\"><h2 style=\"text-align: center;font-family:Abril Fatface;font-weight:400;font-style:normal\" class=\"vc_custom_heading newsletter-title\" >SUSCR\u00cdBETE A NUESTRO BOLET\u00cdN<\/h2>\n\t<div class=\"wpb_text_column wpb_content_element\" >\n\t\t<div class=\"wpb_wrapper\">\n\t\t\t\n<div class=\"wpcf7 no-js\" id=\"wpcf7-f293-o1\" lang=\"en-US\" dir=\"ltr\">\n<div class=\"screen-reader-response\"><p role=\"status\" aria-live=\"polite\" aria-atomic=\"true\"><\/p> <ul><\/ul><\/div>\n<form action=\"\/es\/wp-json\/wp\/v2\/pages\/18#wpcf7-f293-o1\" method=\"post\" class=\"wpcf7-form init\" aria-label=\"Formulario de contacto\" novalidate=\"novalidate\" data-status=\"init\" data-trp-original-action=\"\/es\/wp-json\/wp\/v2\/pages\/18#wpcf7-f293-o1\">\n<div style=\"display: none;\">\n<input type=\"hidden\" name=\"_wpcf7\" value=\"293\" \/>\n<input type=\"hidden\" name=\"_wpcf7_version\" value=\"5.8\" \/>\n<input type=\"hidden\" name=\"_wpcf7_locale\" value=\"en_US\" \/>\n<input type=\"hidden\" name=\"_wpcf7_unit_tag\" value=\"wpcf7-f293-o1\" \/>\n<input type=\"hidden\" name=\"_wpcf7_container_post\" value=\"0\" \/>\n<input type=\"hidden\" name=\"_wpcf7_posted_data_hash\" value=\"\" \/>\n<input type=\"hidden\" name=\"_wpcf7_recaptcha_response\" value=\"\" \/>\n<\/div>\n<div class=\"container\">\n\t<div class=\"row\">\n\t\t<div class=\"col-md-4 col-sm-12\">\n\t\t\t<p><span class=\"wpcf7-form-control-wrap\" data-name=\"text-533\"><input size=\"40\" class=\"wpcf7-form-control wpcf7-text wpcf7-validates-as-required form-control box\" aria-required=\"true\" aria-invalid=\"false\" placeholder=\"Nombre\" value=\"\" type=\"text\" name=\"text-533\" \/><\/span>\n\t\t\t<\/p>\n\t\t<\/div><!-- col end here -->\n\t\t<div class=\"col-md-4 col-sm-12\">\n\t\t\t<p><span class=\"wpcf7-form-control-wrap\" data-name=\"email-753\"><input size=\"40\" class=\"wpcf7-form-control wpcf7-email wpcf7-validates-as-required wpcf7-text wpcf7-validates-as-email form-control box\" aria-required=\"true\" aria-invalid=\"false\" placeholder=\"Correo electr\u00f3nico\" value=\"\" type=\"email\" name=\"email-753\" \/><\/span>\n\t\t\t<\/p>\n\t\t<\/div><!-- col end here -->\n\t\t<div class=\"col-md-3 col-sm-12\">\n\t\t\t<p><input class=\"wpcf7-form-control wpcf7-submit has-spinner btn reg-btn\" type=\"submit\" value=\"Inscribirse\" \/>\n\t\t\t<\/p>\n\t\t<\/div><!-- col end here -->\n\t<\/div>\n<\/div><div class=\"wpcf7-response-output\" aria-hidden=\"true\"><\/div>\n<input type=\"hidden\" name=\"trp-form-language\" value=\"es\"\/><\/form>\n<\/div>\n\n\n\t\t<\/div>\n\t<\/div>\n<\/div><\/div><\/div><\/div><div class=\"vc_row-full-width vc_clearfix\"><\/div>\n<\/section>","protected":false},"excerpt":{"rendered":"P\u00e1gina de informaci\u00f3n para padres\/cuidadores Leah Demaree Douglas IMAGINATION Foundation y Dolly Parton&#039;s Imagination Library creen que si puedes leer, puedes hacer cualquier cosa, so\u00f1ar cualquier cosa y ser cualquier cosa. A trav\u00e9s del programa Imagination Library, la Leah Demaree Douglas Imagination Foundation quiere garantizar que todos los ni\u00f1os de Bosque Country tengan libros en casa. Bienvenidos a la Imaginaci\u00f3n [...]","protected":false},"author":1,"featured_media":0,"parent":0,"menu_order":0,"comment_status":"closed","ping_status":"closed","template":"","meta":{"footnotes":""},"_links":{"self":[{"href":"https:\/\/lddif.org\/es\/wp-json\/wp\/v2\/pages\/18"}],"collection":[{"href":"https:\/\/lddif.org\/es\/wp-json\/wp\/v2\/pages"}],"about":[{"href":"https:\/\/lddif.org\/es\/wp-json\/wp\/v2\/types\/page"}],"author":[{"embeddable":true,"href":"https:\/\/lddif.org\/es\/wp-json\/wp\/v2\/users\/1"}],"replies":[{"embeddable":true,"href":"https:\/\/lddif.org\/es\/wp-json\/wp\/v2\/comments?post=18"}],"version-history":[{"count":37,"href":"https:\/\/lddif.org\/es\/wp-json\/wp\/v2\/pages\/18\/revisions"}],"predecessor-version":[{"id":1042,"href":"https:\/\/lddif.org\/es\/wp-json\/wp\/v2\/pages\/18\/revisions\/1042"}],"wp:attachment":[{"href":"https:\/\/lddif.org\/es\/wp-json\/wp\/v2\/media?parent=18"}],"curies":[{"name":"wp","href":"https:\/\/api.w.org\/{rel}","templated":true}]}}