{"id":20,"date":"2020-03-13T10:52:13","date_gmt":"2020-03-13T10:52:13","guid":{"rendered":"https:\/\/www.ikonixstudios.com\/leah\/?page_id=20"},"modified":"2020-06-29T18:45:41","modified_gmt":"2020-06-29T18:45:41","slug":"book-selection","status":"publish","type":"page","link":"https:\/\/lddif.org\/es\/book-selection\/","title":{"rendered":"Selecci\u00f3n de libros"},"content":{"rendered":"<section class=\"wpb-content-wrapper\"><div data-vc-full-width=\"true\" data-vc-full-width-init=\"false\" class=\"vc_row wpb_row vc_row-fluid book-sec vc_custom_1584951635520 vc_row-has-fill\"><div class=\"wpb_column vc_column_container vc_col-sm-12\"><div class=\"vc_column-inner\"><div class=\"wpb_wrapper\"><div class=\"vc_row wpb_row vc_inner vc_row-fluid vc_custom_1593456315195 vc_row-has-fill\"><div class=\"book-selection-intro wpb_column vc_column_container vc_col-sm-12\"><div class=\"vc_column-inner\"><div class=\"wpb_wrapper\"><h1 style=\"text-align: center\" class=\"vc_custom_heading\" >Nuestro proceso de selecci\u00f3n de libros<\/h1><p style=\"color: #ffffff;text-align: center\" class=\"vc_custom_heading book-sec1\" >Cada t\u00edtulo es especialmente seleccionado por un panel de destacados expertos en alfabetizaci\u00f3n infantil.<br \/>\nque aportan su experiencia para elegir el conjunto perfecto de libros apropiados para la edad<br \/>\npara cientos de miles de ni\u00f1os en los EE. UU. y el mundo.<\/p><\/div><\/div><\/div><\/div><div class=\"vc_row wpb_row vc_inner vc_row-fluid vc_custom_1584951898927 vc_column-gap-2\"><div class=\"wpb_column vc_column_container vc_col-sm-1\/5 vc_col-has-fill\"><div class=\"vc_column-inner vc_custom_1584944746833\"><div class=\"wpb_wrapper\"><h2 style=\"text-align: center;font-family:Abril Fatface;font-weight:400;font-style:normal\" class=\"vc_custom_heading book-selection-number\" >1<\/h2><p style=\"color: #ffffff;text-align: center;font-family:Abril Fatface;font-weight:400;font-style:normal\" class=\"vc_custom_heading\" >Nacimiento a 12 meses<\/p>\n\t<div  class=\"wpb_single_image wpb_content_element vc_align_center  vc_custom_1584793134439\">\n\t\t\n\t\t<figure class=\"wpb_wrapper vc_figure\">\n\t\t\t<div class=\"vc_single_image-wrapper   vc_box_border_grey\"><img width=\"240\" height=\"180\" src=\"https:\/\/lddif.org\/wp-content\/uploads\/2020\/03\/book-1.png\" class=\"vc_single_image-img attachment-full\" alt=\"\" decoding=\"async\" title=\"Libro 1\" loading=\"lazy\" \/><\/div>\n\t\t<\/figure>\n\t<\/div>\n\n\t<div class=\"wpb_text_column wpb_content_element  themes-p\" >\n\t\t<div class=\"wpb_wrapper\">\n\t\t\t<ul>\n<li><strong>Visi\u00f3n<\/strong><br \/>\nbrillante, grande y colorido<\/li>\n<li><strong>Tocar<br \/>\n<\/strong><em>P\u00e1ginas del tablero<\/em><\/li>\n<li><strong>Rima y ritmo<\/strong><\/li>\n<li><strong>Simple<\/strong><br \/>\n<em>F\u00e1cil de usar<\/em><\/li>\n<li><strong>Texto m\u00ednimo<br \/>\n<\/strong><em>Punto y decir<\/em><\/li>\n<li><strong>Sonido juguet\u00f3n<\/strong><\/li>\n<li><strong>Nutrir<\/strong><br \/>\n<em>Adjunto, temas de canciones de cuna.<\/em><\/li>\n<\/ul>\n\n\t\t<\/div>\n\t<\/div>\n<\/div><\/div><\/div><div class=\"wpb_column vc_column_container vc_col-sm-1\/5 vc_col-has-fill\"><div class=\"vc_column-inner vc_custom_1584792916003\"><div class=\"wpb_wrapper\"><h2 style=\"text-align: center;font-family:Abril Fatface;font-weight:400;font-style:normal\" class=\"vc_custom_heading book-selection-number\" >2<\/h2><p style=\"color: #ffffff;text-align: center;font-family:Abril Fatface;font-weight:400;font-style:normal\" class=\"vc_custom_heading\" >13 a 24 meses<\/p>\n\t<div  class=\"wpb_single_image wpb_content_element vc_align_center\">\n\t\t\n\t\t<figure class=\"wpb_wrapper vc_figure\">\n\t\t\t<div class=\"vc_single_image-wrapper   vc_box_border_grey\"><img width=\"240\" height=\"180\" src=\"https:\/\/lddif.org\/wp-content\/uploads\/2020\/03\/book-2.png\" class=\"vc_single_image-img attachment-full\" alt=\"\" decoding=\"async\" title=\"libro-2\" loading=\"lazy\" \/><\/div>\n\t\t<\/figure>\n\t<\/div>\n\n\t<div class=\"wpb_text_column wpb_content_element  themes-p\" >\n\t\t<div class=\"wpb_wrapper\">\n\t\t\t<p>Continuar los conceptos del primer a\u00f1o y desarrollarlos.<\/p>\n<ul>\n<li><strong>Repetici\u00f3n y previsibilidad<\/strong><br \/>\n<em>Generar lenguaje<\/em><\/li>\n<li><strong>Rutinas diarias<\/strong><br \/>\n<em>Temas familiares para un ni\u00f1o.<\/em><\/li>\n<li><strong>Im\u00e1genes<\/strong><br \/>\nUso de ilustraciones fotogr\u00e1ficas reales.<\/li>\n<li><strong>Conciencia corporal<\/strong><\/li>\n<li><strong>Canciones infantiles<\/strong><\/li>\n<li><strong>Colores, Letras, N\u00fameros<\/strong><\/li>\n<\/ul>\n\n\t\t<\/div>\n\t<\/div>\n<\/div><\/div><\/div><div class=\"wpb_column vc_column_container vc_col-sm-1\/5 vc_col-has-fill\"><div class=\"vc_column-inner vc_custom_1584944715217\"><div class=\"wpb_wrapper\"><h2 style=\"text-align: center;font-family:Abril Fatface;font-weight:400;font-style:normal\" class=\"vc_custom_heading book-selection-number\" >3<\/h2><p style=\"color: #ffffff;text-align: center;font-family:Abril Fatface;font-weight:400;font-style:normal\" class=\"vc_custom_heading\" >25 a 36 meses<\/p>\n\t<div  class=\"wpb_single_image wpb_content_element vc_align_center\">\n\t\t\n\t\t<figure class=\"wpb_wrapper vc_figure\">\n\t\t\t<div class=\"vc_single_image-wrapper   vc_box_border_grey\"><img width=\"240\" height=\"180\" src=\"https:\/\/lddif.org\/wp-content\/uploads\/2020\/03\/book-3.png\" class=\"vc_single_image-img attachment-full\" alt=\"\" decoding=\"async\" title=\"libro-3\" loading=\"lazy\" \/><\/div>\n\t\t<\/figure>\n\t<\/div>\n\n\t<div class=\"wpb_text_column wpb_content_element  themes-p\" >\n\t\t<div class=\"wpb_wrapper\">\n\t\t\t<ul>\n<li><strong>Libros sin palabras<\/strong><br \/>\n<em>construye tu propia historia (listo y ni\u00f1o)<\/em><\/li>\n<li><strong>Valores y Car\u00e1cter<\/strong><\/li>\n<li><strong>Asuntos<\/strong><br \/>\n<em>miedo, conflicto, amor, seguridad<\/em><\/li>\n<li><strong>Canciones infantiles<\/strong><\/li>\n<li><strong>Colores, Letras, N\u00fameros<\/strong><\/li>\n<\/ul>\n\n\t\t<\/div>\n\t<\/div>\n<\/div><\/div><\/div><div class=\"wpb_column vc_column_container vc_col-sm-1\/5 vc_col-has-fill\"><div class=\"vc_column-inner vc_custom_1584793045675\"><div class=\"wpb_wrapper\"><h2 style=\"text-align: center;font-family:Abril Fatface;font-weight:400;font-style:normal\" class=\"vc_custom_heading book-selection-number\" >4<\/h2><p style=\"color: #ffffff;text-align: center;font-family:Abril Fatface;font-weight:400;font-style:normal\" class=\"vc_custom_heading\" >37 a 48 meses<\/p>\n\t<div  class=\"wpb_single_image wpb_content_element vc_align_center\">\n\t\t\n\t\t<figure class=\"wpb_wrapper vc_figure\">\n\t\t\t<div class=\"vc_single_image-wrapper   vc_box_border_grey\"><img width=\"240\" height=\"180\" src=\"https:\/\/lddif.org\/wp-content\/uploads\/2020\/03\/book-4.png\" class=\"vc_single_image-img attachment-full\" alt=\"\" decoding=\"async\" title=\"libro-4\" loading=\"lazy\" \/><\/div>\n\t\t<\/figure>\n\t<\/div>\n\n\t<div class=\"wpb_text_column wpb_content_element  themes-p\" >\n\t\t<div class=\"wpb_wrapper\">\n\t\t\t<ul>\n<li><strong>Historias m\u00e1s complejas<\/strong><br \/>\n<em>H\u00e9roe, complicaci\u00f3n, resoluci\u00f3n.<\/em><\/li>\n<li><strong>Diversidad de los dem\u00e1s<\/strong><br \/>\n<em>Rostros, entornos: est\u00e1 bien ser diferente<\/em><\/li>\n<li><strong>Juego, Humor, Diversi\u00f3n<\/strong><\/li>\n<li><strong>Rimas infantiles y poes\u00eda<\/strong><\/li>\n<\/ul>\n\n\t\t<\/div>\n\t<\/div>\n<\/div><\/div><\/div><div class=\"wpb_column vc_column_container vc_col-sm-1\/5 vc_col-has-fill\"><div class=\"vc_column-inner vc_custom_1584944757017\"><div class=\"wpb_wrapper\"><h2 style=\"text-align: center;font-family:Abril Fatface;font-weight:400;font-style:normal\" class=\"vc_custom_heading book-selection-number\" >5<\/h2><p style=\"color: #ffffff;text-align: center;font-family:Abril Fatface;font-weight:400;font-style:normal\" class=\"vc_custom_heading\" >49 a 60 meses<\/p>\n\t<div  class=\"wpb_single_image wpb_content_element vc_align_center\">\n\t\t\n\t\t<figure class=\"wpb_wrapper vc_figure\">\n\t\t\t<div class=\"vc_single_image-wrapper   vc_box_border_grey\"><img width=\"240\" height=\"180\" src=\"https:\/\/lddif.org\/wp-content\/uploads\/2020\/03\/book-5.png\" class=\"vc_single_image-img attachment-full\" alt=\"\" decoding=\"async\" title=\"libro-5\" loading=\"lazy\" \/><\/div>\n\t\t<\/figure>\n\t<\/div>\n\n\t<div class=\"wpb_text_column wpb_content_element  themes-p\" >\n\t\t<div class=\"wpb_wrapper\">\n\t\t\t<ul>\n<li><strong>Preparaci\u00f3n y preparaci\u00f3n escolar<\/strong><\/li>\n<li><strong>utilizar acertijo<\/strong><br \/>\n<em>(im\u00e1genes utilizadas para palabras)<\/em><\/li>\n<li><strong>Ciencia<br \/>\n<\/strong>no ficci\u00f3n<\/li>\n<li><strong>Cuentos populares<\/strong><\/li>\n<li><strong>Gracias<br \/>\n<\/strong><em>Apreciaci\u00f3n<\/em><\/li>\n<li><strong>Rimas y poes\u00eda<\/strong><\/li>\n<\/ul>\n\n\t\t<\/div>\n\t<\/div>\n<\/div><\/div><\/div><\/div><div class=\"vc_row wpb_row vc_inner vc_row-fluid vc_custom_1584957330618 vc_row-has-fill\"><div class=\"wpb_column vc_column_container vc_col-sm-12\"><div class=\"vc_column-inner\"><div class=\"wpb_wrapper\"><div class=\"vc_empty_space\"   style=\"height: 32px\"><span class=\"vc_empty_space_inner\"><\/span><\/div>\n\t<div class=\"wpb_text_column wpb_content_element  book-selection-end\" >\n\t\t<div class=\"wpb_wrapper\">\n\t\t\t<p style=\"text-align: center;\">Cada t\u00edtulo tiene consejos de lectura que ampl\u00edan el compromiso y la interacci\u00f3n entre el ni\u00f1o y el cuidador.<\/p>\n<p style=\"text-align: center;\">Cada a\u00f1o se seleccionan dos t\u00edtulos biling\u00fces espa\u00f1ol\/ingl\u00e9s por grupo de edad.<\/p>\n<p style=\"text-align: center;\">A trav\u00e9s de una asociaci\u00f3n con American Printing House for the Blind, podemos ayudar a proporcionar libros para ni\u00f1os ciegos y con discapacidad visual.<\/p>\n\n\t\t<\/div>\n\t<\/div>\n<div class=\"vc_empty_space\"   style=\"height: 60px\"><span class=\"vc_empty_space_inner\"><\/span><\/div><\/div><\/div><\/div><\/div><\/div><\/div><\/div><\/div><div class=\"vc_row-full-width vc_clearfix\"><\/div><div data-vc-full-width=\"true\" data-vc-full-width-init=\"false\" class=\"vc_row wpb_row vc_row-fluid home-fourth vc_custom_1593456340616 vc_row-has-fill\"><div class=\"newsletter-box wpb_column vc_column_container vc_col-sm-12\"><div class=\"vc_column-inner\"><div class=\"wpb_wrapper\"><h2 style=\"text-align: center;font-family:Abril Fatface;font-weight:400;font-style:normal\" class=\"vc_custom_heading newsletter-title\" >SUSCR\u00cdBETE A NUESTRO BOLET\u00cdN<\/h2>\n\t<div class=\"wpb_text_column wpb_content_element\" >\n\t\t<div class=\"wpb_wrapper\">\n\t\t\t\n<div class=\"wpcf7 no-js\" id=\"wpcf7-f293-o1\" lang=\"en-US\" dir=\"ltr\">\n<div class=\"screen-reader-response\"><p role=\"status\" aria-live=\"polite\" aria-atomic=\"true\"><\/p> <ul><\/ul><\/div>\n<form action=\"\/es\/wp-json\/wp\/v2\/pages\/20#wpcf7-f293-o1\" method=\"post\" class=\"wpcf7-form init\" aria-label=\"Formulario de contacto\" novalidate=\"novalidate\" data-status=\"init\" data-trp-original-action=\"\/es\/wp-json\/wp\/v2\/pages\/20#wpcf7-f293-o1\">\n<div style=\"display: none;\">\n<input type=\"hidden\" name=\"_wpcf7\" value=\"293\" \/>\n<input type=\"hidden\" name=\"_wpcf7_version\" value=\"5.8\" \/>\n<input type=\"hidden\" name=\"_wpcf7_locale\" value=\"en_US\" \/>\n<input type=\"hidden\" name=\"_wpcf7_unit_tag\" value=\"wpcf7-f293-o1\" \/>\n<input type=\"hidden\" name=\"_wpcf7_container_post\" value=\"0\" \/>\n<input type=\"hidden\" name=\"_wpcf7_posted_data_hash\" value=\"\" \/>\n<input type=\"hidden\" name=\"_wpcf7_recaptcha_response\" value=\"\" \/>\n<\/div>\n<div class=\"container\">\n\t<div class=\"row\">\n\t\t<div class=\"col-md-4 col-sm-12\">\n\t\t\t<p><span class=\"wpcf7-form-control-wrap\" data-name=\"text-533\"><input size=\"40\" class=\"wpcf7-form-control wpcf7-text wpcf7-validates-as-required form-control box\" aria-required=\"true\" aria-invalid=\"false\" placeholder=\"Nombre\" value=\"\" type=\"text\" name=\"text-533\" \/><\/span>\n\t\t\t<\/p>\n\t\t<\/div><!-- col end here -->\n\t\t<div class=\"col-md-4 col-sm-12\">\n\t\t\t<p><span class=\"wpcf7-form-control-wrap\" data-name=\"email-753\"><input size=\"40\" class=\"wpcf7-form-control wpcf7-email wpcf7-validates-as-required wpcf7-text wpcf7-validates-as-email form-control box\" aria-required=\"true\" aria-invalid=\"false\" placeholder=\"Correo electr\u00f3nico\" value=\"\" type=\"email\" name=\"email-753\" \/><\/span>\n\t\t\t<\/p>\n\t\t<\/div><!-- col end here -->\n\t\t<div class=\"col-md-3 col-sm-12\">\n\t\t\t<p><input class=\"wpcf7-form-control wpcf7-submit has-spinner btn reg-btn\" type=\"submit\" value=\"Inscribirse\" \/>\n\t\t\t<\/p>\n\t\t<\/div><!-- col end here -->\n\t<\/div>\n<\/div><div class=\"wpcf7-response-output\" aria-hidden=\"true\"><\/div>\n<input type=\"hidden\" name=\"trp-form-language\" value=\"es\"\/><\/form>\n<\/div>\n\n\n\t\t<\/div>\n\t<\/div>\n<\/div><\/div><\/div><\/div><div class=\"vc_row-full-width vc_clearfix\"><\/div>\n<\/section>","protected":false},"excerpt":{"rendered":"Nuestro proceso de selecci\u00f3n de libros Cada t\u00edtulo es seleccionado especialmente por un panel de destacados expertos en alfabetizaci\u00f3n infantil que aportan su experiencia en la elecci\u00f3n del conjunto perfecto de libros apropiados para su edad para cientos de miles de ni\u00f1os en los EE. UU. y el mundo. 1 Desde el nacimiento hasta los 12 meses Visi\u00f3n brillante, p\u00e1ginas grandes y coloridas de Touch Board Rima y Ritmo Simple F\u00e1cil [...]","protected":false},"author":1,"featured_media":0,"parent":0,"menu_order":0,"comment_status":"closed","ping_status":"closed","template":"","meta":{"footnotes":""},"_links":{"self":[{"href":"https:\/\/lddif.org\/es\/wp-json\/wp\/v2\/pages\/20"}],"collection":[{"href":"https:\/\/lddif.org\/es\/wp-json\/wp\/v2\/pages"}],"about":[{"href":"https:\/\/lddif.org\/es\/wp-json\/wp\/v2\/types\/page"}],"author":[{"embeddable":true,"href":"https:\/\/lddif.org\/es\/wp-json\/wp\/v2\/users\/1"}],"replies":[{"embeddable":true,"href":"https:\/\/lddif.org\/es\/wp-json\/wp\/v2\/comments?post=20"}],"version-history":[{"count":65,"href":"https:\/\/lddif.org\/es\/wp-json\/wp\/v2\/pages\/20\/revisions"}],"predecessor-version":[{"id":1002,"href":"https:\/\/lddif.org\/es\/wp-json\/wp\/v2\/pages\/20\/revisions\/1002"}],"wp:attachment":[{"href":"https:\/\/lddif.org\/es\/wp-json\/wp\/v2\/media?parent=20"}],"curies":[{"name":"wp","href":"https:\/\/api.w.org\/{rel}","templated":true}]}}